{"id":9161,"date":"2016-07-11T14:16:03","date_gmt":"2016-07-11T11:16:03","guid":{"rendered":"http:\/\/izmirkesicitakim.com\/?page_id=9161"},"modified":"2016-07-11T17:49:40","modified_gmt":"2016-07-11T14:49:40","slug":"ozle-takim-imalati","status":"publish","type":"page","link":"https:\/\/www.izmirkesicitakim.com\/index.php\/ozle-takim-imalati\/","title":{"rendered":"\u00d6zle Tak\u0131m \u0130malat\u0131"},"content":{"rendered":"<p>[vc_row type=&#8221;grid&#8221; video_bg=&#8221;&#8221;][vc_column width=&#8221;1\/3&#8243; dp_animation=&#8221;&#8221;][vc_empty_space height=&#8221;5px&#8221;][vc_column_text dp_animation=&#8221;&#8221;]<\/p>\n<h3><span style=\"color: #ff0000;\">KARB\u00dcR PARMAK FREZELER<\/span><\/h3>\n<p>[\/vc_column_text][vc_column_text dp_animation=&#8221;&#8221;]<\/p>\n<ul>\n<li><a href=\"http:\/\/izmirkesicitakim.com\/index.php\/mikro-frezeler\/\">M\u0130KRO FREZELER<\/a><\/li>\n<li><a href=\"http:\/\/izmirkesicitakim.com\/index.php\/duz-frezeler\/\">D\u00dcZ FREZELER<\/a><\/li>\n<li><a href=\"http:\/\/izmirkesicitakim.com\/index.php\/kure-frezeler\/\">K\u00dcRE FREZELER<\/a><\/li>\n<li><a href=\"http:\/\/izmirkesicitakim.com\/index.php\/kose-radyuslu-frezeler\/\">K\u00d6\u015eE RADY\u00dcSL\u00dc FREZELER<\/a><\/li>\n<li><a href=\"http:\/\/izmirkesicitakim.com\/index.php\/dalma-boylu-frezeler\/\">DALMA BOYLU FREZELER<\/a><\/li>\n<li><a href=\"http:\/\/izmirkesicitakim.com\/index.php\/high-speed-frezeler\/\">HIGH SPEED FREZELER<\/a><\/li>\n<li><a href=\"http:\/\/izmirkesicitakim.com\/index.php\/konik-frezeler\/\">KON\u0130K FREZELER<\/a><\/li>\n<li><a href=\"http:\/\/izmirkesicitakim.com\/index.php\/kabalatas-frezeler\/\">KABATALA\u015e FREZELER<\/a><\/li>\n<li><a href=\"http:\/\/izmirkesicitakim.com\/index.php\/aluminyum-frezeler\/\">ALUMINYUM FREZELER<\/a><\/li>\n<li><a href=\"http:\/\/izmirkesicitakim.com\/index.php\/dis-kose-radyus-frezeler\/\">DI\u015e K\u00d6\u015eE RADY\u00dcS FREZE<\/a><\/li>\n<li>\n<h4><span style=\"text-decoration: underline;\"><strong><span style=\"color: #333333;\"><a style=\"color: #333333; text-decoration: underline;\" href=\"http:\/\/izmirkesicitakim.com\/index.php\/ozle-takim-imalati\/\">\u00d6ZEL TAKIM \u0130MALATI<\/a><\/span><\/strong><\/span><\/h4>\n<\/li>\n<\/ul>\n<p>[\/vc_column_text][\/vc_column][vc_column width=&#8221;1\/3&#8243; dp_animation=&#8221;&#8221;][vc_single_image image=&#8221;9166&#8243; img_size=&#8221;large&#8221; alignment=&#8221;center&#8221; style=&#8221;vc_box_shadow_3d&#8221; onclick=&#8221;link_image&#8221; dp_animation=&#8221;&#8221;][vc_single_image image=&#8221;9170&#8243; img_size=&#8221;large&#8221; alignment=&#8221;center&#8221; style=&#8221;vc_box_shadow_3d&#8221; onclick=&#8221;link_image&#8221; dp_animation=&#8221;&#8221;][vc_single_image image=&#8221;9173&#8243; img_size=&#8221;large&#8221; alignment=&#8221;center&#8221; style=&#8221;vc_box_shadow_3d&#8221; onclick=&#8221;link_image&#8221; dp_animation=&#8221;&#8221;][vc_single_image image=&#8221;9169&#8243; img_size=&#8221;large&#8221; alignment=&#8221;center&#8221; style=&#8221;vc_box_shadow_3d&#8221; onclick=&#8221;link_image&#8221; dp_animation=&#8221;&#8221;][vc_single_image image=&#8221;9178&#8243; img_size=&#8221;large&#8221; alignment=&#8221;center&#8221; style=&#8221;vc_box_shadow_3d&#8221; onclick=&#8221;link_image&#8221; dp_animation=&#8221;&#8221;][\/vc_column][vc_column width=&#8221;1\/3&#8243; dp_animation=&#8221;&#8221;][vc_single_image image=&#8221;9167&#8243; img_size=&#8221;large&#8221; alignment=&#8221;center&#8221; style=&#8221;vc_box_shadow_3d&#8221; onclick=&#8221;link_image&#8221; dp_animation=&#8221;&#8221;][vc_single_image image=&#8221;9171&#8243; img_size=&#8221;large&#8221; alignment=&#8221;center&#8221; style=&#8221;vc_box_shadow_3d&#8221; onclick=&#8221;link_image&#8221; dp_animation=&#8221;&#8221;][vc_single_image image=&#8221;9174&#8243; img_size=&#8221;large&#8221; alignment=&#8221;center&#8221; style=&#8221;vc_box_shadow_3d&#8221; onclick=&#8221;link_image&#8221; dp_animation=&#8221;&#8221;][vc_single_image image=&#8221;9172&#8243; img_size=&#8221;large&#8221; alignment=&#8221;center&#8221; style=&#8221;vc_box_shadow_3d&#8221; onclick=&#8221;link_image&#8221; dp_animation=&#8221;&#8221;][vc_single_image image=&#8221;9175&#8243; img_size=&#8221;large&#8221; alignment=&#8221;center&#8221; style=&#8221;vc_box_shadow_3d&#8221; onclick=&#8221;link_image&#8221; dp_animation=&#8221;&#8221;][\/vc_column][\/vc_row]<\/p>\n","protected":false},"excerpt":{"rendered":"<p>[vc_row type=&#8221;grid&#8221; video_bg=&#8221;&#8221;][vc_column width=&#8221;1\/3&#8243; dp_animation=&#8221;&#8221;][vc_empty_space height=&#8221;5px&#8221;][vc_column_text dp_animation=&#8221;&#8221;] KARB\u00dcR PARMAK FREZELER [\/vc_column_text][vc_column_text dp_animation=&#8221;&#8221;] M\u0130KRO FREZELER D\u00dcZ FREZELER K\u00dcRE FREZELER K\u00d6\u015eE RADY\u00dcSL\u00dc <p><a class=\"dp-readon\" href=\"https:\/\/www.izmirkesicitakim.com\/index.php\/ozle-takim-imalati\/\"><span>Detayl\u0131 Bilgi<\/span><\/a><\/p><\/p>\n","protected":false},"author":1,"featured_media":0,"parent":0,"menu_order":0,"comment_status":"closed","ping_status":"closed","template":"template.right.sidebar.php","meta":[],"_links":{"self":[{"href":"https:\/\/www.izmirkesicitakim.com\/index.php\/wp-json\/wp\/v2\/pages\/9161"}],"collection":[{"href":"https:\/\/www.izmirkesicitakim.com\/index.php\/wp-json\/wp\/v2\/pages"}],"about":[{"href":"https:\/\/www.izmirkesicitakim.com\/index.php\/wp-json\/wp\/v2\/types\/page"}],"author":[{"embeddable":true,"href":"https:\/\/www.izmirkesicitakim.com\/index.php\/wp-json\/wp\/v2\/users\/1"}],"replies":[{"embeddable":true,"href":"https:\/\/www.izmirkesicitakim.com\/index.php\/wp-json\/wp\/v2\/comments?post=9161"}],"version-history":[{"count":9,"href":"https:\/\/www.izmirkesicitakim.com\/index.php\/wp-json\/wp\/v2\/pages\/9161\/revisions"}],"predecessor-version":[{"id":9183,"href":"https:\/\/www.izmirkesicitakim.com\/index.php\/wp-json\/wp\/v2\/pages\/9161\/revisions\/9183"}],"wp:attachment":[{"href":"https:\/\/www.izmirkesicitakim.com\/index.php\/wp-json\/wp\/v2\/media?parent=9161"}],"curies":[{"name":"wp","href":"https:\/\/api.w.org\/{rel}","templated":true}]}}