{"id":9080,"date":"2016-07-03T16:20:44","date_gmt":"2016-07-03T13:20:44","guid":{"rendered":"http:\/\/izmirkesicitakim.com\/?page_id=9080"},"modified":"2016-07-03T16:39:46","modified_gmt":"2016-07-03T13:39:46","slug":"pmk-403","status":"publish","type":"page","link":"https:\/\/www.izmirkesicitakim.com\/index.php\/pmk-403\/","title":{"rendered":"PMK403 &#8211; CNC D\u00d6NER PUNTA (4 MORS)"},"content":{"rendered":"<p>[vc_row type=&#8221;grid&#8221; video_bg=&#8221;&#8221;][vc_column width=&#8221;1\/3&#8243; dp_animation=&#8221;&#8221;][vc_column_text dp_animation=&#8221;&#8221;]<\/p>\n<ul>\n<li><a href=\"http:\/\/izmirkesicitakim.com\/index.php\/pmk-04\/\">PMK 04 \u00a0&#8211; TAKMA U\u00c7LU BORU PUNTASI<\/a><\/li>\n<li><a href=\"http:\/\/izmirkesicitakim.com\/index.php\/pmk-05\/\">PMK 05 &#8211; PMK-SET TAKMA U\u00c7LU CNC D\u00d6NER PUNTA<\/a><\/li>\n<li><a href=\"http:\/\/izmirkesicitakim.com\/index.php\/pmk-401\/\">PMK401 &#8211; CNC D\u00d6NER PUNTA (4 MORS)<\/a><\/li>\n<li><a href=\"http:\/\/izmirkesicitakim.com\/index.php\/pmk-402\/\">PMK402 &#8211; CNC D\u00d6NER PUNTA (4 MORS)<\/a><\/li>\n<li>\n<h4><span style=\"color: #333333;\"><a style=\"color: #333333;\" href=\"http:\/\/izmirkesicitakim.com\/index.php\/pmk-403\/\">PMK403 &#8211; CNC D\u00d6NER PUNTA (4 MORS)<\/a><\/span><\/h4>\n<\/li>\n<li><a href=\"http:\/\/izmirkesicitakim.com\/index.php\/pmk-501\/\">PMK501 &#8211; CNC D\u00d6NER PUNTA (5 MORS)<\/a><\/li>\n<li><a href=\"http:\/\/izmirkesicitakim.com\/index.php\/pmk-502\/\">PMK502 &#8211; CNC D\u00d6NER PUNTA (5 MORS)<\/a><\/li>\n<li><a href=\"http:\/\/izmirkesicitakim.com\/index.php\/pmk-503\/\">PMK503 &#8211; CNC D\u00d6NER PUNTA (5 MORS)<\/a><\/li>\n<\/ul>\n<p>[\/vc_column_text][\/vc_column][vc_column width=&#8221;2\/3&#8243; dp_animation=&#8221;&#8221;][vc_single_image image=&#8221;9081&#8243; img_size=&#8221;large&#8221; alignment=&#8221;center&#8221; onclick=&#8221;link_image&#8221; dp_animation=&#8221;&#8221;][vc_single_image image=&#8221;9082&#8243; img_size=&#8221;large&#8221; alignment=&#8221;center&#8221; onclick=&#8221;link_image&#8221; dp_animation=&#8221;&#8221;][vc_column_text dp_animation=&#8221;&#8221;]<\/p>\n<p style=\"text-align: center;\">Rijit g\u00f6vde sertle\u015ftirilmi\u015f ve ta\u015flanm\u0131\u015ft\u0131r.<\/p>\n<ul>\n<li>Milin standart u\u00e7 a\u00e7\u0131s\u0131 60? dir.<\/li>\n<li>Max. salg\u0131 0.005<\/li>\n<li>Tasar\u0131m\u0131nda 3 farkl\u0131 tipte rulmanl\u0131 (masural\u0131-eksenel ve radyal bilyal\u0131) sistem uygulanm\u0131\u015ft\u0131r.<\/li>\n<li>Y\u00fcksek i\u015f par\u00e7as\u0131 ta\u015f\u0131ma kapasitesine sahiptir.<\/li>\n<li>Y\u00fcksek h\u0131zlara \u00e7\u0131kmaya uygundur.<\/li>\n<li>Uzun \u00f6m\u00fcrl\u00fcd\u00fcr.<\/li>\n<li>Par\u00e7a tipine uygun de\u011fi\u015fik modeller mevcuttur.<\/li>\n<\/ul>\n<p>NOT: Maksimum h\u0131zlar tavsiye edilen en y\u00fcksek h\u0131zlard\u0131r.Bunun \u00fczerinde \u00e7al\u0131\u015fma h\u0131zlar\u0131nda y\u00fcksek \u0131s\u0131nmadan ve a\u015f\u0131nmadan \u00f6t\u00fcr\u00fc rulmanlarda bozulmalar meydana gelir.[\/vc_column_text][\/vc_column][\/vc_row]<\/p>\n","protected":false},"excerpt":{"rendered":"<p>[vc_row type=&#8221;grid&#8221; video_bg=&#8221;&#8221;][vc_column width=&#8221;1\/3&#8243; dp_animation=&#8221;&#8221;][vc_column_text dp_animation=&#8221;&#8221;] PMK 04 \u00a0&#8211; TAKMA U\u00c7LU BORU PUNTASI PMK 05 &#8211; PMK-SET TAKMA U\u00c7LU CNC <p><a class=\"dp-readon\" href=\"https:\/\/www.izmirkesicitakim.com\/index.php\/pmk-403\/\"><span>Detayl\u0131 Bilgi<\/span><\/a><\/p><\/p>\n","protected":false},"author":1,"featured_media":0,"parent":0,"menu_order":0,"comment_status":"closed","ping_status":"closed","template":"template.right.sidebar.php","meta":[],"_links":{"self":[{"href":"https:\/\/www.izmirkesicitakim.com\/index.php\/wp-json\/wp\/v2\/pages\/9080"}],"collection":[{"href":"https:\/\/www.izmirkesicitakim.com\/index.php\/wp-json\/wp\/v2\/pages"}],"about":[{"href":"https:\/\/www.izmirkesicitakim.com\/index.php\/wp-json\/wp\/v2\/types\/page"}],"author":[{"embeddable":true,"href":"https:\/\/www.izmirkesicitakim.com\/index.php\/wp-json\/wp\/v2\/users\/1"}],"replies":[{"embeddable":true,"href":"https:\/\/www.izmirkesicitakim.com\/index.php\/wp-json\/wp\/v2\/comments?post=9080"}],"version-history":[{"count":1,"href":"https:\/\/www.izmirkesicitakim.com\/index.php\/wp-json\/wp\/v2\/pages\/9080\/revisions"}],"predecessor-version":[{"id":9083,"href":"https:\/\/www.izmirkesicitakim.com\/index.php\/wp-json\/wp\/v2\/pages\/9080\/revisions\/9083"}],"wp:attachment":[{"href":"https:\/\/www.izmirkesicitakim.com\/index.php\/wp-json\/wp\/v2\/media?parent=9080"}],"curies":[{"name":"wp","href":"https:\/\/api.w.org\/{rel}","templated":true}]}}