{"id":9052,"date":"2016-07-03T14:59:55","date_gmt":"2016-07-03T11:59:55","guid":{"rendered":"http:\/\/izmirkesicitakim.com\/?page_id=9052"},"modified":"2016-07-03T16:44:48","modified_gmt":"2016-07-03T13:44:48","slug":"cnc-doner-puntalar-2","status":"publish","type":"page","link":"https:\/\/www.izmirkesicitakim.com\/index.php\/cnc-doner-puntalar-2\/","title":{"rendered":"CNC D\u00f6ner Puntalar"},"content":{"rendered":"<p>[vc_row type=&#8221;grid&#8221; video_bg=&#8221;&#8221;][vc_column width=&#8221;1\/3&#8243; dp_animation=&#8221;&#8221;][vc_column_text dp_animation=&#8221;&#8221;]<\/p>\n<ul>\n<li><a href=\"http:\/\/izmirkesicitakim.com\/index.php\/alti-kose-basma-aparati\/\">ALTI K\u00d6\u015eE BASMA APARATI<\/a><\/li>\n<li>\n<h4><span style=\"color: #333333;\"><a style=\"color: #333333;\" href=\"http:\/\/izmirkesicitakim.com\/index.php\/cnc-doner-puntalar\/\">CNC D\u00d6NER PUNTALAR<\/a><\/span><\/h4>\n<\/li>\n<li><a href=\"http:\/\/izmirkesicitakim.com\/index.php\/delik-kater-tutucular\/\">DEL\u0130K KATER TUTUCALAR<\/a><\/li>\n<li><a href=\"http:\/\/izmirkesicitakim.com\/index.php\/mors-konik-tutucu\/\">MORS KON\u0130K TUTUCU<\/a><\/li>\n<li><a href=\"http:\/\/izmirkesicitakim.com\/index.php\/pafta-cekme-aparati\/\">PAFTA \u00c7EKME APARATI<\/a><\/li>\n<li><a href=\"http:\/\/izmirkesicitakim.com\/index.php\/klavuz-cekme-aparati\/\">KLAVUZ \u00c7EKME APARATI<\/a><\/li>\n<li><a href=\"http:\/\/izmirkesicitakim.com\/index.php\/pens-aynalari\/\">PENS AYNALARI<\/a><\/li>\n<li><a href=\"http:\/\/izmirkesicitakim.com\/index.php\/pens-tutucular\/\">PENS TUTUCULAR<\/a><\/li>\n<li><a href=\"http:\/\/izmirkesicitakim.com\/index.php\/takim-tutucular\/\">TAKIM TUTUCULAR<\/a><\/li>\n<li><a href=\"http:\/\/izmirkesicitakim.com\/index.php\/u-drill-tutucular\/\">U-DRILL TUTUCULAR<\/a><\/li>\n<\/ul>\n<p>[\/vc_column_text][\/vc_column][vc_column width=&#8221;1\/3&#8243; dp_animation=&#8221;&#8221;][vc_single_image image=&#8221;9053&#8243; img_size=&#8221;medium&#8221; alignment=&#8221;center&#8221; dp_animation=&#8221;&#8221;][vc_btn title=&#8221;PMK04 &#8211; TAKMA U\u00c7LU BORU PUNTASI&#8221; align=&#8221;center&#8221; button_block=&#8221;true&#8221; link=&#8221;url:http%3A%2F%2Fizmirkesicitakim.com%2Findex.php%2Fpmk-04%2F||&#8221;][vc_single_image image=&#8221;9055&#8243; img_size=&#8221;medium&#8221; alignment=&#8221;center&#8221; dp_animation=&#8221;&#8221;][vc_btn title=&#8221;PMK401 &#8211; CNC D\u00d6NER PUNTA (4 MORS)&#8221; align=&#8221;center&#8221; button_block=&#8221;true&#8221; link=&#8221;url:http%3A%2F%2Fizmirkesicitakim.com%2Findex.php%2Fpmk-401%2F||&#8221;][vc_single_image image=&#8221;9057&#8243; img_size=&#8221;medium&#8221; alignment=&#8221;center&#8221; dp_animation=&#8221;&#8221;][vc_btn title=&#8221;PMK403 &#8211; CNC D\u00d6NER PUNTA (4 MORS)&#8221; align=&#8221;center&#8221; button_block=&#8221;true&#8221; link=&#8221;url:http%3A%2F%2Fizmirkesicitakim.com%2Findex.php%2Fpmk-403%2F||&#8221;][vc_single_image image=&#8221;9059&#8243; img_size=&#8221;medium&#8221; alignment=&#8221;center&#8221; dp_animation=&#8221;&#8221;][vc_btn title=&#8221;PMK502 &#8211; CNC D\u00d6NER PUNTA (5 MORS)&#8221; align=&#8221;center&#8221; button_block=&#8221;true&#8221; link=&#8221;url:http%3A%2F%2Fizmirkesicitakim.com%2Findex.php%2Fpmk-502%2F||&#8221;][\/vc_column][vc_column width=&#8221;1\/3&#8243; dp_animation=&#8221;&#8221;][vc_single_image image=&#8221;9054&#8243; img_size=&#8221;medium&#8221; alignment=&#8221;center&#8221; dp_animation=&#8221;&#8221;][vc_btn title=&#8221;PMK05 &#8211; PMK-SET TAKMA U\u00c7LU CNC D\u00d6NER PUNTA&#8221; align=&#8221;center&#8221; button_block=&#8221;true&#8221; link=&#8221;url:http%3A%2F%2Fizmirkesicitakim.com%2Findex.php%2Fpmk-05%2F||&#8221;][vc_single_image image=&#8221;9056&#8243; img_size=&#8221;medium&#8221; alignment=&#8221;center&#8221; dp_animation=&#8221;&#8221;][vc_btn title=&#8221;PMK402 &#8211; CNC D\u00d6NER PUNTA (4 MORS)&#8221; align=&#8221;center&#8221; button_block=&#8221;true&#8221; link=&#8221;url:http%3A%2F%2Fizmirkesicitakim.com%2Findex.php%2Fpmk-402%2F||&#8221;][vc_single_image image=&#8221;9058&#8243; img_size=&#8221;medium&#8221; alignment=&#8221;center&#8221; dp_animation=&#8221;&#8221;][vc_btn title=&#8221;PMK501 &#8211; CNC D\u00d6NER PUNTA (5 MORS)&#8221; align=&#8221;center&#8221; button_block=&#8221;true&#8221; link=&#8221;url:http%3A%2F%2Fizmirkesicitakim.com%2Findex.php%2Fpmk-501%2F||&#8221;][vc_single_image image=&#8221;9060&#8243; img_size=&#8221;medium&#8221; alignment=&#8221;center&#8221; dp_animation=&#8221;&#8221;][vc_btn title=&#8221;PMK503 &#8211; CNC D\u00d6NER PUNTA (5 MORS)&#8221; align=&#8221;center&#8221; button_block=&#8221;true&#8221; link=&#8221;url:http%3A%2F%2Fizmirkesicitakim.com%2Findex.php%2Fpmk-503%2F||&#8221;][\/vc_column][\/vc_row]<\/p>\n","protected":false},"excerpt":{"rendered":"<p>[vc_row type=&#8221;grid&#8221; video_bg=&#8221;&#8221;][vc_column width=&#8221;1\/3&#8243; dp_animation=&#8221;&#8221;][vc_column_text dp_animation=&#8221;&#8221;] ALTI K\u00d6\u015eE BASMA APARATI CNC D\u00d6NER PUNTALAR DEL\u0130K KATER TUTUCALAR MORS KON\u0130K TUTUCU PAFTA <p><a class=\"dp-readon\" href=\"https:\/\/www.izmirkesicitakim.com\/index.php\/cnc-doner-puntalar-2\/\"><span>Detayl\u0131 Bilgi<\/span><\/a><\/p><\/p>\n","protected":false},"author":1,"featured_media":0,"parent":0,"menu_order":0,"comment_status":"closed","ping_status":"closed","template":"template.right.sidebar.php","meta":[],"_links":{"self":[{"href":"https:\/\/www.izmirkesicitakim.com\/index.php\/wp-json\/wp\/v2\/pages\/9052"}],"collection":[{"href":"https:\/\/www.izmirkesicitakim.com\/index.php\/wp-json\/wp\/v2\/pages"}],"about":[{"href":"https:\/\/www.izmirkesicitakim.com\/index.php\/wp-json\/wp\/v2\/types\/page"}],"author":[{"embeddable":true,"href":"https:\/\/www.izmirkesicitakim.com\/index.php\/wp-json\/wp\/v2\/users\/1"}],"replies":[{"embeddable":true,"href":"https:\/\/www.izmirkesicitakim.com\/index.php\/wp-json\/wp\/v2\/comments?post=9052"}],"version-history":[{"count":4,"href":"https:\/\/www.izmirkesicitakim.com\/index.php\/wp-json\/wp\/v2\/pages\/9052\/revisions"}],"predecessor-version":[{"id":9098,"href":"https:\/\/www.izmirkesicitakim.com\/index.php\/wp-json\/wp\/v2\/pages\/9052\/revisions\/9098"}],"wp:attachment":[{"href":"https:\/\/www.izmirkesicitakim.com\/index.php\/wp-json\/wp\/v2\/media?parent=9052"}],"curies":[{"name":"wp","href":"https:\/\/api.w.org\/{rel}","templated":true}]}}