{"id":9043,"date":"2016-07-03T14:34:14","date_gmt":"2016-07-03T11:34:14","guid":{"rendered":"http:\/\/izmirkesicitakim.com\/?page_id=9043"},"modified":"2016-07-03T14:34:35","modified_gmt":"2016-07-03T11:34:35","slug":"takim-tutucular","status":"publish","type":"page","link":"https:\/\/www.izmirkesicitakim.com\/index.php\/takim-tutucular\/","title":{"rendered":"Tak\u0131m Tutucular"},"content":{"rendered":"<p>[vc_row type=&#8221;grid&#8221; video_bg=&#8221;&#8221;][vc_column width=&#8221;1\/3&#8243; dp_animation=&#8221;&#8221;][vc_column_text dp_animation=&#8221;&#8221;]<\/p>\n<ul>\n<li><a href=\"http:\/\/izmirkesicitakim.com\/index.php\/alti-kose-basma-aparati\/\">ALTI K\u00d6\u015eE BASMA APARATI<\/a><\/li>\n<li><a href=\"http:\/\/izmirkesicitakim.com\/index.php\/cnc-doner-puntalar\/\">CNC D\u00d6NER PUNTALAR<\/a><\/li>\n<li><a href=\"http:\/\/izmirkesicitakim.com\/index.php\/delik-kater-tutucular\/\">DEL\u0130K KATER TUTUCALAR<\/a><\/li>\n<li><a href=\"http:\/\/izmirkesicitakim.com\/index.php\/mors-konik-tutucu\/\">MORS KON\u0130K TUTUCU<\/a><\/li>\n<li><a href=\"http:\/\/izmirkesicitakim.com\/index.php\/pafta-cekme-aparati\/\">PAFTA \u00c7EKME APARATI<\/a><\/li>\n<li><a href=\"http:\/\/izmirkesicitakim.com\/index.php\/klavuz-cekme-aparati\/\">KLAVUZ \u00c7EKME APARATI<\/a><\/li>\n<li><a href=\"http:\/\/izmirkesicitakim.com\/index.php\/pens-aynalari\/\">PENS AYNALARI<\/a><\/li>\n<li><a href=\"http:\/\/izmirkesicitakim.com\/index.php\/pens-tutucular\/\">PENS TUTUCULAR<\/a><\/li>\n<li>\n<h4><span style=\"color: #333333;\"><a style=\"color: #333333;\" href=\"http:\/\/izmirkesicitakim.com\/index.php\/takim-tutucular\/\">TAKIM TUTUCULAR<\/a><\/span><\/h4>\n<\/li>\n<li><a href=\"http:\/\/izmirkesicitakim.com\/index.php\/u-drill-tutucular\/\">U-DRILL TUTUCULAR<\/a><\/li>\n<\/ul>\n<p>[\/vc_column_text][\/vc_column][vc_column width=&#8221;2\/3&#8243; dp_animation=&#8221;&#8221;][vc_single_image image=&#8221;9044&#8243; img_size=&#8221;large&#8221; alignment=&#8221;center&#8221; onclick=&#8221;link_image&#8221; dp_animation=&#8221;&#8221;][vc_column_text dp_animation=&#8221;&#8221;]<\/p>\n<p style=\"text-align: center;\">\u00c7e\u015fitli marka ve model CNC tornalar i\u00e7in;<\/p>\n<p style=\"text-align: center;\">Tool Holder<\/p>\n<p style=\"text-align: center;\">Delik Kater Tutucular<\/p>\n<p style=\"text-align: center;\">U-Drill Tutucular<\/p>\n<p style=\"text-align: center;\">Al\u0131n Kater Tutucular<\/p>\n<p style=\"text-align: center;\">Sipari\u015fe G\u00f6re \u00d6zel \u00dcretim<\/p>\n<p style=\"text-align: center;\">Malzeme : GGG50 (Sfero D\u00f6k\u00fcm)<\/p>\n<p style=\"text-align: center;\">Tak\u0131m tutucular\u0131 mevcut olan \u00e7e\u015fitli modeller;<\/p>\n<p style=\"text-align: center;\">MAZAK-HYUNDAI- TAKISAWA TW.-OKUMA-KIA-LER-MORI SEIKI-DAEWOO<\/p>\n<p style=\"text-align: center;\">HWA CHEON-HWA CHEON-TAKISAWA JP.-FEELER-GOODWAY-VICTOR<\/p>\n<p style=\"text-align: center;\">* Daha detayl\u0131 bilgi ve mevcut marka-modelleri \u00f6\u011frenmek i\u00e7in l\u00fctfen bizimle irtibata ge\u00e7iniz.<\/p>\n<p>[\/vc_column_text][\/vc_column][\/vc_row]<\/p>\n","protected":false},"excerpt":{"rendered":"<p>[vc_row type=&#8221;grid&#8221; video_bg=&#8221;&#8221;][vc_column width=&#8221;1\/3&#8243; dp_animation=&#8221;&#8221;][vc_column_text dp_animation=&#8221;&#8221;] ALTI K\u00d6\u015eE BASMA APARATI CNC D\u00d6NER PUNTALAR DEL\u0130K KATER TUTUCALAR MORS KON\u0130K TUTUCU PAFTA <p><a class=\"dp-readon\" href=\"https:\/\/www.izmirkesicitakim.com\/index.php\/takim-tutucular\/\"><span>Detayl\u0131 Bilgi<\/span><\/a><\/p><\/p>\n","protected":false},"author":1,"featured_media":0,"parent":0,"menu_order":0,"comment_status":"closed","ping_status":"closed","template":"template.right.sidebar.php","meta":[],"_links":{"self":[{"href":"https:\/\/www.izmirkesicitakim.com\/index.php\/wp-json\/wp\/v2\/pages\/9043"}],"collection":[{"href":"https:\/\/www.izmirkesicitakim.com\/index.php\/wp-json\/wp\/v2\/pages"}],"about":[{"href":"https:\/\/www.izmirkesicitakim.com\/index.php\/wp-json\/wp\/v2\/types\/page"}],"author":[{"embeddable":true,"href":"https:\/\/www.izmirkesicitakim.com\/index.php\/wp-json\/wp\/v2\/users\/1"}],"replies":[{"embeddable":true,"href":"https:\/\/www.izmirkesicitakim.com\/index.php\/wp-json\/wp\/v2\/comments?post=9043"}],"version-history":[{"count":1,"href":"https:\/\/www.izmirkesicitakim.com\/index.php\/wp-json\/wp\/v2\/pages\/9043\/revisions"}],"predecessor-version":[{"id":9045,"href":"https:\/\/www.izmirkesicitakim.com\/index.php\/wp-json\/wp\/v2\/pages\/9043\/revisions\/9045"}],"wp:attachment":[{"href":"https:\/\/www.izmirkesicitakim.com\/index.php\/wp-json\/wp\/v2\/media?parent=9043"}],"curies":[{"name":"wp","href":"https:\/\/api.w.org\/{rel}","templated":true}]}}