{"id":9017,"date":"2016-07-03T13:38:13","date_gmt":"2016-07-03T10:38:13","guid":{"rendered":"http:\/\/izmirkesicitakim.com\/?page_id=9017"},"modified":"2016-07-03T13:57:56","modified_gmt":"2016-07-03T10:57:56","slug":"alti-kose-basma-aparati","status":"publish","type":"page","link":"https:\/\/www.izmirkesicitakim.com\/index.php\/alti-kose-basma-aparati\/","title":{"rendered":"Alt\u0131 K\u00f6\u015fe Basma Aparat\u0131"},"content":{"rendered":"<p>[vc_row type=&#8221;grid&#8221; video_bg=&#8221;&#8221;][vc_column width=&#8221;1\/3&#8243; dp_animation=&#8221;&#8221;][vc_column_text dp_animation=&#8221;&#8221;]<\/p>\n<ul>\n<li>\n<h4><span style=\"color: #333333;\"><a style=\"color: #333333;\" href=\"http:\/\/izmirkesicitakim.com\/index.php\/alti-kose-basma-aparati\/\">ALTI K\u00d6\u015eE BASMA APARATI<\/a><\/span><\/h4>\n<\/li>\n<li><a href=\"http:\/\/izmirkesicitakim.com\/index.php\/cnc-doner-puntalar\/\">CNC D\u00d6NER PUNTALAR<\/a><\/li>\n<li><a href=\"http:\/\/izmirkesicitakim.com\/index.php\/delik-kater-tutucular\/\">DEL\u0130K KATER TUTUCALAR<\/a><\/li>\n<li><a href=\"http:\/\/izmirkesicitakim.com\/index.php\/mors-konik-tutucu\/\">MORS KON\u0130K TUTUCU<\/a><\/li>\n<li><a href=\"http:\/\/izmirkesicitakim.com\/index.php\/pafta-cekme-aparati\/\">PAFTA \u00c7EKME APARATI<\/a><\/li>\n<li><a href=\"http:\/\/izmirkesicitakim.com\/index.php\/klavuz-cekme-aparati\/\">KLAVUZ \u00c7EKME APARATI<\/a><\/li>\n<li><a href=\"http:\/\/izmirkesicitakim.com\/index.php\/pens-aynalari\/\">PENS AYNALARI<\/a><\/li>\n<li><a href=\"http:\/\/izmirkesicitakim.com\/index.php\/pens-tutucular\/\">PENS TUTUCULAR<\/a><\/li>\n<li><a href=\"http:\/\/izmirkesicitakim.com\/index.php\/takim-tutucular\/\">TAKIM TUTUCULAR<\/a><\/li>\n<li><a href=\"http:\/\/izmirkesicitakim.com\/index.php\/u-drill-tutucular\/\">U-DRILL TUTUCULAR<\/a><\/li>\n<\/ul>\n<p>[\/vc_column_text][\/vc_column][vc_column width=&#8221;2\/3&#8243; dp_animation=&#8221;&#8221;][vc_single_image image=&#8221;9018&#8243; img_size=&#8221;large&#8221; alignment=&#8221;center&#8221; onclick=&#8221;link_image&#8221; dp_animation=&#8221;&#8221;][vc_column_text dp_animation=&#8221;&#8221;]<\/p>\n<ul>\n<li style=\"text-align: left;\">CNC tornalarda tarete ba\u011flanarak kullan\u0131l\u0131r.<\/li>\n<li style=\"text-align: left;\">Z\u0131mbalar y\u00fcksek h\u0131z \u00e7eli\u011finden \u00fcretilmi\u015ftir.<\/li>\n<li style=\"text-align: left;\">A\u00e7\u0131lmas\u0131 istenen \u00e7oklu k\u00f6\u015feye g\u00f6re de\u011fi\u015fik \u00f6l\u00e7\u00fclerde z\u0131mbalar mevcuttur.<\/li>\n<li style=\"text-align: left;\">G\u00f6vde sertle\u015ftirilmi\u015f ve ta\u015flanm\u0131\u015ft\u0131r.<\/li>\n<li style=\"text-align: left;\">G\u00f6vde i\u00e7erisinde y\u00fcksek hassasiyetli rulmanlar kullan\u0131lm\u0131\u015ft\u0131r.<\/li>\n<\/ul>\n<p style=\"text-align: center;\"><span style=\"color: #ff0000;\">UYGULAMA\u00a0<\/span><\/p>\n<p style=\"text-align: center;\">Matkapla par\u00e7aya istenilen \u00f6l\u00e7\u00fcde delik deldikten sonra delik i\u00e7ine delik \u00e7ap\u0131na uygun se\u00e7ilmi\u015f alt\u0131k\u00f6\u015fe kesici z\u0131mbay\u0131 t\u0131pk\u0131 matkap ile delik deler gibi malzeme cinsine g\u00f6re devir ve ilerlemeler se\u00e7ilerek k\u00f6\u015fe a\u00e7ma uygulamas\u0131 ba\u015flat\u0131l\u0131r. (\u00f6zellikle de imbus yuvalar\u0131 a\u00e7man\u0131za yard\u0131mc\u0131 olur).<\/p>\n<p style=\"text-align: center;\">\u00d6rnek : 8mm &#8216;lik alt\u0131k\u00f6\u015fe uygulamas\u0131 i\u00e7in ?8mm yada ?8,1mm delik a\u00e7\u0131lmal\u0131d\u0131r.<\/p>\n<p style=\"text-align: center;\">Daha detayl\u0131 bilgi i\u00e7in l\u00fctfen firmam\u0131za dan\u0131\u015fabilirsiniz.<\/p>\n<p>[\/vc_column_text][\/vc_column][\/vc_row]<\/p>\n","protected":false},"excerpt":{"rendered":"<p>[vc_row type=&#8221;grid&#8221; video_bg=&#8221;&#8221;][vc_column width=&#8221;1\/3&#8243; dp_animation=&#8221;&#8221;][vc_column_text dp_animation=&#8221;&#8221;] ALTI K\u00d6\u015eE BASMA APARATI CNC D\u00d6NER PUNTALAR DEL\u0130K KATER TUTUCALAR MORS KON\u0130K TUTUCU PAFTA <p><a class=\"dp-readon\" href=\"https:\/\/www.izmirkesicitakim.com\/index.php\/alti-kose-basma-aparati\/\"><span>Detayl\u0131 Bilgi<\/span><\/a><\/p><\/p>\n","protected":false},"author":1,"featured_media":0,"parent":0,"menu_order":0,"comment_status":"closed","ping_status":"closed","template":"template.right.sidebar.php","meta":[],"_links":{"self":[{"href":"https:\/\/www.izmirkesicitakim.com\/index.php\/wp-json\/wp\/v2\/pages\/9017"}],"collection":[{"href":"https:\/\/www.izmirkesicitakim.com\/index.php\/wp-json\/wp\/v2\/pages"}],"about":[{"href":"https:\/\/www.izmirkesicitakim.com\/index.php\/wp-json\/wp\/v2\/types\/page"}],"author":[{"embeddable":true,"href":"https:\/\/www.izmirkesicitakim.com\/index.php\/wp-json\/wp\/v2\/users\/1"}],"replies":[{"embeddable":true,"href":"https:\/\/www.izmirkesicitakim.com\/index.php\/wp-json\/wp\/v2\/comments?post=9017"}],"version-history":[{"count":5,"href":"https:\/\/www.izmirkesicitakim.com\/index.php\/wp-json\/wp\/v2\/pages\/9017\/revisions"}],"predecessor-version":[{"id":9023,"href":"https:\/\/www.izmirkesicitakim.com\/index.php\/wp-json\/wp\/v2\/pages\/9017\/revisions\/9023"}],"wp:attachment":[{"href":"https:\/\/www.izmirkesicitakim.com\/index.php\/wp-json\/wp\/v2\/media?parent=9017"}],"curies":[{"name":"wp","href":"https:\/\/api.w.org\/{rel}","templated":true}]}}