{"id":8865,"date":"2016-07-02T14:57:43","date_gmt":"2016-07-02T11:57:43","guid":{"rendered":"http:\/\/izmirkesicitakim.com\/?page_id=8865"},"modified":"2016-07-04T13:10:50","modified_gmt":"2016-07-04T10:10:50","slug":"hassas-tutucu-takimlar","status":"publish","type":"page","link":"https:\/\/www.izmirkesicitakim.com\/index.php\/hassas-tutucu-takimlar\/","title":{"rendered":"Hassas Tutucu Tak\u0131mlar"},"content":{"rendered":"<p>[vc_row type=&#8221;grid&#8221; video_bg=&#8221;&#8221;][vc_column dp_animation=&#8221;&#8221;][vc_single_image image=&#8221;7941&#8243; img_size=&#8221;full&#8221; alignment=&#8221;center&#8221; dp_animation=&#8221;&#8221;][vc_column_text dp_animation=&#8221;&#8221;]Ba\u015fl\u0131ca \u00fcr\u00fcn gruplar\u0131 , tak\u0131m tutucu ve pensler olmak \u00fczere sekt\u00f6r\u00fcn en eski ve en b\u00fcy\u00fck kapasiteli firmalar\u0131ndan biridir. Kendini s\u00fcrekli yenileyen ve piyasaya bir\u00e7ok farkl\u0131 tak\u0131m tutucu \u00a0\u00e7\u00f6z\u00fcmleri sunmay\u0131 ama\u00e7 edinmi\u015f SYIC (Shin-Yain) firmas\u0131 y\u00fcksek \u00fcr\u00fcn kalitesiyle birlikte , Tayvan&#8217;\u0131n kesici tak\u0131m sekt\u00f6r\u00fcn\u00fcn lider firmas\u0131d\u0131r.<\/p>\n<p><strong>\u00dcr\u00fcn Gruplar\u0131 :<\/strong> ER Pens Tutucu , ER Pensler , Hassas Tak\u0131m Tutucu , \u0130\u00e7ten \u00c7ektirmeli Tutucu , Veldon Tutucu , Mors Konik Tutucu , Al\u0131n Kamal\u0131 Malafa , Bilyal\u0131 (Rulmanl\u0131) Tutucu , Is\u0131tmal\u0131 Tak\u0131m Tutucu , CNC Matkap Mandrenleri , ISO Tutucular , Pens Ba\u015fl\u0131\u011f\u0131 , A\u00e7\u0131l\u0131 Kafalar , VDI Tutucular , Hassas Pensler[\/vc_column_text][\/vc_column][\/vc_row][vc_row type=&#8221;grid&#8221; video_bg=&#8221;&#8221;][vc_column width=&#8221;1\/3&#8243; dp_animation=&#8221;&#8221;][vc_empty_space height=&#8221;10px&#8221;][vc_single_image image=&#8221;8866&#8243; img_size=&#8221;large&#8221; alignment=&#8221;center&#8221; dp_animation=&#8221;&#8221;][vc_btn title=&#8221;HSK Tutucular&#8221; align=&#8221;center&#8221; css_animation=&#8221;left-to-right&#8221; button_block=&#8221;true&#8221; link=&#8221;url:http%3A%2F%2Fwww.syic.com.tw%2Fproduct%2Fproduct_class-5.html||target:%20_blank&#8221;][vc_single_image image=&#8221;8869&#8243; img_size=&#8221;large&#8221; alignment=&#8221;center&#8221; dp_animation=&#8221;&#8221;][vc_btn title=&#8221;BT Tutucular&#8221; align=&#8221;center&#8221; css_animation=&#8221;left-to-right&#8221; button_block=&#8221;true&#8221; link=&#8221;url:http%3A%2F%2Fwww.syic.com.tw%2Fproduct%2Fproduct_class-2.html||target:%20_blank&#8221;][vc_single_image image=&#8221;8872&#8243; img_size=&#8221;large&#8221; alignment=&#8221;center&#8221; dp_animation=&#8221;&#8221;][vc_btn title=&#8221;NT &amp; MT (ISO) Tutucular&#8221; align=&#8221;center&#8221; css_animation=&#8221;left-to-right&#8221; button_block=&#8221;true&#8221; link=&#8221;url:http%3A%2F%2Fwww.syic.com.tw%2Fproduct%2Fproduct_class-7.html||target:%20_blank&#8221;][\/vc_column][vc_column width=&#8221;1\/3&#8243; dp_animation=&#8221;&#8221;][vc_empty_space height=&#8221;10px&#8221;][vc_single_image image=&#8221;8867&#8243; img_size=&#8221;large&#8221; alignment=&#8221;center&#8221; dp_animation=&#8221;&#8221;][vc_btn title=&#8221;Poligon Tutucular&#8221; align=&#8221;center&#8221; css_animation=&#8221;left-to-right&#8221; button_block=&#8221;true&#8221; link=&#8221;url:http%3A%2F%2Fwww.syic.com.tw%2Fproduct%2Fproduct_class-14.html||target:%20_blank&#8221;][vc_single_image image=&#8221;8870&#8243; img_size=&#8221;large&#8221; alignment=&#8221;center&#8221; dp_animation=&#8221;&#8221;][vc_btn title=&#8221;Shrink Tutucular&#8221; align=&#8221;center&#8221; css_animation=&#8221;left-to-right&#8221; button_block=&#8221;true&#8221; link=&#8221;url:http%3A%2F%2Fwww.syic.com.tw%2Fproduct%2Fproduct_class-6.html||target:%20_blank&#8221;][vc_single_image image=&#8221;8873&#8243; img_size=&#8221;large&#8221; alignment=&#8221;center&#8221; dp_animation=&#8221;&#8221;][vc_btn title=&#8221;ISO Tutucular&#8221; align=&#8221;center&#8221; css_animation=&#8221;left-to-right&#8221; button_block=&#8221;true&#8221; link=&#8221;url:http%3A%2F%2Fsyic.com.tw%2Fproduct%2Fproduct_class-8.html||target:%20_blank&#8221;][\/vc_column][vc_column width=&#8221;1\/3&#8243; dp_animation=&#8221;&#8221;][vc_empty_space height=&#8221;10px&#8221;][vc_single_image image=&#8221;8868&#8243; img_size=&#8221;large&#8221; alignment=&#8221;center&#8221; dp_animation=&#8221;&#8221;][vc_btn title=&#8221;SK (DAT) Tutucular&#8221; align=&#8221;center&#8221; css_animation=&#8221;left-to-right&#8221; button_block=&#8221;true&#8221; link=&#8221;url:http%3A%2F%2Fwww.syic.com.tw%2Fproduct%2Fproduct_class-4.html||target:%20_blank&#8221;][vc_single_image image=&#8221;8871&#8243; img_size=&#8221;large&#8221; alignment=&#8221;center&#8221; dp_animation=&#8221;&#8221;][vc_btn title=&#8221;A\u00e7\u0131l\u0131 Kafalar&#8221; align=&#8221;center&#8221; css_animation=&#8221;left-to-right&#8221; button_block=&#8221;true&#8221; link=&#8221;url:http%3A%2F%2Fwww.syic.com.tw%2Fproduct%2Fproduct_class-9.html||target:%20_blank&#8221;][vc_single_image image=&#8221;8874&#8243; img_size=&#8221;large&#8221; alignment=&#8221;center&#8221; dp_animation=&#8221;&#8221;][vc_btn title=&#8221;D\u0131\u015ftan So\u011futmal\u0131 Tutucular&#8221; align=&#8221;center&#8221; css_animation=&#8221;left-to-right&#8221; button_block=&#8221;true&#8221; link=&#8221;url:http%3A%2F%2Fsyic.com.tw%2Fproduct%2Fproduct-34.html||target:%20_blank&#8221;][\/vc_column][\/vc_row]<\/p>\n","protected":false},"excerpt":{"rendered":"<p>[vc_row type=&#8221;grid&#8221; video_bg=&#8221;&#8221;][vc_column dp_animation=&#8221;&#8221;][vc_single_image image=&#8221;7941&#8243; img_size=&#8221;full&#8221; alignment=&#8221;center&#8221; dp_animation=&#8221;&#8221;][vc_column_text dp_animation=&#8221;&#8221;]Ba\u015fl\u0131ca \u00fcr\u00fcn gruplar\u0131 , tak\u0131m tutucu ve pensler olmak \u00fczere sekt\u00f6r\u00fcn en <p><a class=\"dp-readon\" href=\"https:\/\/www.izmirkesicitakim.com\/index.php\/hassas-tutucu-takimlar\/\"><span>Detayl\u0131 Bilgi<\/span><\/a><\/p><\/p>\n","protected":false},"author":1,"featured_media":0,"parent":0,"menu_order":0,"comment_status":"closed","ping_status":"closed","template":"template.left.sidebar.php","meta":[],"_links":{"self":[{"href":"https:\/\/www.izmirkesicitakim.com\/index.php\/wp-json\/wp\/v2\/pages\/8865"}],"collection":[{"href":"https:\/\/www.izmirkesicitakim.com\/index.php\/wp-json\/wp\/v2\/pages"}],"about":[{"href":"https:\/\/www.izmirkesicitakim.com\/index.php\/wp-json\/wp\/v2\/types\/page"}],"author":[{"embeddable":true,"href":"https:\/\/www.izmirkesicitakim.com\/index.php\/wp-json\/wp\/v2\/users\/1"}],"replies":[{"embeddable":true,"href":"https:\/\/www.izmirkesicitakim.com\/index.php\/wp-json\/wp\/v2\/comments?post=8865"}],"version-history":[{"count":7,"href":"https:\/\/www.izmirkesicitakim.com\/index.php\/wp-json\/wp\/v2\/pages\/8865\/revisions"}],"predecessor-version":[{"id":9106,"href":"https:\/\/www.izmirkesicitakim.com\/index.php\/wp-json\/wp\/v2\/pages\/8865\/revisions\/9106"}],"wp:attachment":[{"href":"https:\/\/www.izmirkesicitakim.com\/index.php\/wp-json\/wp\/v2\/media?parent=8865"}],"curies":[{"name":"wp","href":"https:\/\/api.w.org\/{rel}","templated":true}]}}