{"id":8849,"date":"2016-07-02T14:12:56","date_gmt":"2016-07-02T11:12:56","guid":{"rendered":"http:\/\/izmirkesicitakim.com\/?page_id=8849"},"modified":"2016-07-02T14:29:35","modified_gmt":"2016-07-02T11:29:35","slug":"frezeleme","status":"publish","type":"page","link":"https:\/\/www.izmirkesicitakim.com\/index.php\/frezeleme\/","title":{"rendered":"Frezeleme"},"content":{"rendered":"<p>[vc_row type=&#8221;grid&#8221; video_bg=&#8221;&#8221;][vc_column width=&#8221;1\/3&#8243; dp_animation=&#8221;&#8221;][vc_empty_space height=&#8221;20px&#8221;][vc_column_text dp_animation=&#8221;&#8221;]<\/p>\n<ul>\n<li><a href=\"http:\/\/izmirkesicitakim.com\/index.php\/karbur-parmak-frezeler\/\">KARB\u00dcR PARMAK FREZELER<\/a><\/li>\n<li><a href=\"#\">TAKMA U\u00c7LU TAKIMLAR<\/a><\/li>\n<li><a href=\"#\">FREZELEME U\u00c7LARI<\/a><\/li>\n<\/ul>\n<p>[\/vc_column_text][\/vc_column][vc_column width=&#8221;2\/3&#8243; dp_animation=&#8221;&#8221;][vc_empty_space height=&#8221;20px&#8221;][rev_slider_vc alias=&#8221;frezeleme&#8221;][\/vc_column][\/vc_row]<\/p>\n","protected":false},"excerpt":{"rendered":"<p>[vc_row type=&#8221;grid&#8221; video_bg=&#8221;&#8221;][vc_column width=&#8221;1\/3&#8243; dp_animation=&#8221;&#8221;][vc_empty_space height=&#8221;20px&#8221;][vc_column_text dp_animation=&#8221;&#8221;] KARB\u00dcR PARMAK FREZELER TAKMA U\u00c7LU TAKIMLAR FREZELEME U\u00c7LARI [\/vc_column_text][\/vc_column][vc_column width=&#8221;2\/3&#8243; dp_animation=&#8221;&#8221;][vc_empty_space height=&#8221;20px&#8221;][rev_slider_vc alias=&#8221;frezeleme&#8221;][\/vc_column][\/vc_row]<\/p>\n","protected":false},"author":1,"featured_media":0,"parent":0,"menu_order":0,"comment_status":"closed","ping_status":"closed","template":"template.right.sidebar.php","meta":[],"_links":{"self":[{"href":"https:\/\/www.izmirkesicitakim.com\/index.php\/wp-json\/wp\/v2\/pages\/8849"}],"collection":[{"href":"https:\/\/www.izmirkesicitakim.com\/index.php\/wp-json\/wp\/v2\/pages"}],"about":[{"href":"https:\/\/www.izmirkesicitakim.com\/index.php\/wp-json\/wp\/v2\/types\/page"}],"author":[{"embeddable":true,"href":"https:\/\/www.izmirkesicitakim.com\/index.php\/wp-json\/wp\/v2\/users\/1"}],"replies":[{"embeddable":true,"href":"https:\/\/www.izmirkesicitakim.com\/index.php\/wp-json\/wp\/v2\/comments?post=8849"}],"version-history":[{"count":3,"href":"https:\/\/www.izmirkesicitakim.com\/index.php\/wp-json\/wp\/v2\/pages\/8849\/revisions"}],"predecessor-version":[{"id":8852,"href":"https:\/\/www.izmirkesicitakim.com\/index.php\/wp-json\/wp\/v2\/pages\/8849\/revisions\/8852"}],"wp:attachment":[{"href":"https:\/\/www.izmirkesicitakim.com\/index.php\/wp-json\/wp\/v2\/media?parent=8849"}],"curies":[{"name":"wp","href":"https:\/\/api.w.org\/{rel}","templated":true}]}}