{"id":8720,"date":"2016-07-01T16:00:03","date_gmt":"2016-07-01T13:00:03","guid":{"rendered":"http:\/\/izmirkesicitakim.com\/?page_id=8720"},"modified":"2016-07-03T13:16:55","modified_gmt":"2016-07-03T10:16:55","slug":"3-agizli-duz-aluminyum-freze","status":"publish","type":"page","link":"https:\/\/www.izmirkesicitakim.com\/index.php\/3-agizli-duz-aluminyum-freze\/","title":{"rendered":"3 A\u011f\u0131zl\u0131 D\u00fcz Aluminyum Freze"},"content":{"rendered":"<p>[vc_row type=&#8221;grid&#8221; video_bg=&#8221;&#8221;][vc_column width=&#8221;1\/3&#8243; dp_animation=&#8221;&#8221;][vc_column_text dp_animation=&#8221;&#8221;]<\/p>\n<ul>\n<li><a href=\"http:\/\/izmirkesicitakim.com\/index.php\/2-agizli-duz-aluminyum-freze\/\">2 A\u011eIZLI D\u00dcZ ALUMINYUM FREZE<\/a><\/li>\n<li><a href=\"http:\/\/izmirkesicitakim.com\/index.php\/2-agizli-duz-aluminyum-uzun-freze\/\">2 A\u011eIZLI D\u00dcZ ALUMINYUM UZUN FREZE<\/a><\/li>\n<li><a href=\"http:\/\/izmirkesicitakim.com\/index.php\/2-agizli-kure-aluminyum-freze\/\">2 A\u011eIZLI K\u00dcRE\u00a0ALUMINYUM FREZE<\/a><\/li>\n<li>\n<h2><span style=\"color: #333333;\"><a style=\"color: #333333;\" href=\"http:\/\/izmirkesicitakim.com\/index.php\/3-agizli-duz-aluminyum-freze\/\">3\u00a0A\u011eIZLI D\u00dcZ ALUMINYUM FREZE<\/a><\/span><\/h2>\n<\/li>\n<li><a href=\"http:\/\/izmirkesicitakim.com\/index.php\/3-agizli-duz-aluminyum-uzun-freze\/\">3\u00a0A\u011eIZLI D\u00dcZ ALUMINYUM UZUN FREZE<\/a><\/li>\n<li><a href=\"http:\/\/izmirkesicitakim.com\/index.php\/high-speed-aluminyum-freze\/\">HIGH SPEED ALUMINYUM FREZE<\/a><\/li>\n<\/ul>\n<p>[\/vc_column_text][vc_empty_space][vc_btn title=&#8221;Karb\u00fcr Parmak Frezeler&#8221; color=&#8221;danger&#8221; align=&#8221;center&#8221; link=&#8221;url:http%3A%2F%2Fizmirkesicitakim.com%2Findex.php%2Fkarbur-parmak-frezeler%2F||&#8221; button_block=&#8221;true&#8221;][\/vc_column][vc_column width=&#8221;2\/3&#8243; dp_animation=&#8221;&#8221;][vc_single_image image=&#8221;8721&#8243; img_size=&#8221;350&#215;360&#8243; alignment=&#8221;center&#8221; style=&#8221;vc_box_shadow_border&#8221; onclick=&#8221;link_image&#8221; dp_animation=&#8221;&#8221;][\/vc_column][\/vc_row]<\/p>\n","protected":false},"excerpt":{"rendered":"<p>[vc_row type=&#8221;grid&#8221; video_bg=&#8221;&#8221;][vc_column width=&#8221;1\/3&#8243; dp_animation=&#8221;&#8221;][vc_column_text dp_animation=&#8221;&#8221;] 2 A\u011eIZLI D\u00dcZ ALUMINYUM FREZE 2 A\u011eIZLI D\u00dcZ ALUMINYUM UZUN FREZE 2 A\u011eIZLI K\u00dcRE\u00a0ALUMINYUM <p><a class=\"dp-readon\" href=\"https:\/\/www.izmirkesicitakim.com\/index.php\/3-agizli-duz-aluminyum-freze\/\"><span>Detayl\u0131 Bilgi<\/span><\/a><\/p><\/p>\n","protected":false},"author":1,"featured_media":0,"parent":0,"menu_order":0,"comment_status":"closed","ping_status":"closed","template":"template.right.sidebar.php","meta":[],"_links":{"self":[{"href":"https:\/\/www.izmirkesicitakim.com\/index.php\/wp-json\/wp\/v2\/pages\/8720"}],"collection":[{"href":"https:\/\/www.izmirkesicitakim.com\/index.php\/wp-json\/wp\/v2\/pages"}],"about":[{"href":"https:\/\/www.izmirkesicitakim.com\/index.php\/wp-json\/wp\/v2\/types\/page"}],"author":[{"embeddable":true,"href":"https:\/\/www.izmirkesicitakim.com\/index.php\/wp-json\/wp\/v2\/users\/1"}],"replies":[{"embeddable":true,"href":"https:\/\/www.izmirkesicitakim.com\/index.php\/wp-json\/wp\/v2\/comments?post=8720"}],"version-history":[{"count":3,"href":"https:\/\/www.izmirkesicitakim.com\/index.php\/wp-json\/wp\/v2\/pages\/8720\/revisions"}],"predecessor-version":[{"id":9012,"href":"https:\/\/www.izmirkesicitakim.com\/index.php\/wp-json\/wp\/v2\/pages\/8720\/revisions\/9012"}],"wp:attachment":[{"href":"https:\/\/www.izmirkesicitakim.com\/index.php\/wp-json\/wp\/v2\/media?parent=8720"}],"curies":[{"name":"wp","href":"https:\/\/api.w.org\/{rel}","templated":true}]}}