{"id":8692,"date":"2016-07-01T15:04:48","date_gmt":"2016-07-01T12:04:48","guid":{"rendered":"http:\/\/izmirkesicitakim.com\/?page_id=8692"},"modified":"2016-07-03T13:05:56","modified_gmt":"2016-07-03T10:05:56","slug":"4-agizli-konik-duz-freze","status":"publish","type":"page","link":"https:\/\/www.izmirkesicitakim.com\/index.php\/4-agizli-konik-duz-freze\/","title":{"rendered":"4 A\u011f\u0131zl\u0131 Konik D\u00fcz Freze"},"content":{"rendered":"<p>[vc_row type=&#8221;grid&#8221; video_bg=&#8221;&#8221;][vc_column width=&#8221;1\/3&#8243; dp_animation=&#8221;&#8221;][vc_column_text dp_animation=&#8221;&#8221;]<\/p>\n<ul>\n<li><a href=\"http:\/\/izmirkesicitakim.com\/index.php\/2-agizli-konik-duz-freze\/\">2 A\u011eIZLI KON\u0130K D\u00dcZ FREZE<\/a><\/li>\n<li><a href=\"http:\/\/izmirkesicitakim.com\/index.php\/2-agizli-konik-kure-freze\/\">2 A\u011eIZLI KON\u0130K K\u00dcRE FREZE<\/a><\/li>\n<li><a href=\"http:\/\/izmirkesicitakim.com\/index.php\/2-agizli-konik-kure-uzun-freze\/\">2 A\u011eIZLI KON\u0130K K\u00dcRE UZUN FREZE<\/a><\/li>\n<li>\n<h2><span style=\"color: #333333;\"><a style=\"color: #333333;\" href=\"http:\/\/izmirkesicitakim.com\/index.php\/4-agizli-konik-duz-freze\/\">4 A\u011eIZLI KON\u0130K D\u00dcZ FREZE<\/a><\/span><\/h2>\n<\/li>\n<\/ul>\n<p>[\/vc_column_text][vc_empty_space][vc_btn title=&#8221;Karb\u00fcr Parmak Frezeler&#8221; color=&#8221;danger&#8221; align=&#8221;center&#8221; link=&#8221;url:http%3A%2F%2Fizmirkesicitakim.com%2Findex.php%2Fkarbur-parmak-frezeler%2F||&#8221; button_block=&#8221;true&#8221;][\/vc_column][vc_column width=&#8221;2\/3&#8243; dp_animation=&#8221;&#8221;][vc_single_image image=&#8221;8693&#8243; img_size=&#8221;350&#215;460&#8243; alignment=&#8221;center&#8221; style=&#8221;vc_box_shadow_3d&#8221; onclick=&#8221;link_image&#8221; dp_animation=&#8221;&#8221;][\/vc_column][\/vc_row]<\/p>\n","protected":false},"excerpt":{"rendered":"<p>[vc_row type=&#8221;grid&#8221; video_bg=&#8221;&#8221;][vc_column width=&#8221;1\/3&#8243; dp_animation=&#8221;&#8221;][vc_column_text dp_animation=&#8221;&#8221;] 2 A\u011eIZLI KON\u0130K D\u00dcZ FREZE 2 A\u011eIZLI KON\u0130K K\u00dcRE FREZE 2 A\u011eIZLI KON\u0130K K\u00dcRE <p><a class=\"dp-readon\" href=\"https:\/\/www.izmirkesicitakim.com\/index.php\/4-agizli-konik-duz-freze\/\"><span>Detayl\u0131 Bilgi<\/span><\/a><\/p><\/p>\n","protected":false},"author":1,"featured_media":0,"parent":0,"menu_order":0,"comment_status":"closed","ping_status":"closed","template":"template.right.sidebar.php","meta":[],"_links":{"self":[{"href":"https:\/\/www.izmirkesicitakim.com\/index.php\/wp-json\/wp\/v2\/pages\/8692"}],"collection":[{"href":"https:\/\/www.izmirkesicitakim.com\/index.php\/wp-json\/wp\/v2\/pages"}],"about":[{"href":"https:\/\/www.izmirkesicitakim.com\/index.php\/wp-json\/wp\/v2\/types\/page"}],"author":[{"embeddable":true,"href":"https:\/\/www.izmirkesicitakim.com\/index.php\/wp-json\/wp\/v2\/users\/1"}],"replies":[{"embeddable":true,"href":"https:\/\/www.izmirkesicitakim.com\/index.php\/wp-json\/wp\/v2\/comments?post=8692"}],"version-history":[{"count":4,"href":"https:\/\/www.izmirkesicitakim.com\/index.php\/wp-json\/wp\/v2\/pages\/8692\/revisions"}],"predecessor-version":[{"id":9002,"href":"https:\/\/www.izmirkesicitakim.com\/index.php\/wp-json\/wp\/v2\/pages\/8692\/revisions\/9002"}],"wp:attachment":[{"href":"https:\/\/www.izmirkesicitakim.com\/index.php\/wp-json\/wp\/v2\/media?parent=8692"}],"curies":[{"name":"wp","href":"https:\/\/api.w.org\/{rel}","templated":true}]}}