{"id":8573,"date":"2016-06-30T15:36:37","date_gmt":"2016-06-30T12:36:37","guid":{"rendered":"http:\/\/izmirkesicitakim.com\/?page_id=8573"},"modified":"2016-07-03T13:23:12","modified_gmt":"2016-07-03T10:23:12","slug":"matkap-ve-freze-bileme-makinasi-2","status":"publish","type":"page","link":"https:\/\/www.izmirkesicitakim.com\/index.php\/matkap-ve-freze-bileme-makinasi-2\/","title":{"rendered":"Matkap ve Freze Bileme Makinas\u0131"},"content":{"rendered":"<p>[vc_row type=&#8221;grid&#8221; video_bg=&#8221;&#8221;][vc_column width=&#8221;1\/3&#8243; dp_animation=&#8221;&#8221;][vc_empty_space][vc_column_text dp_animation=&#8221;&#8221;]<\/p>\n<ul>\n<ul>\n<li><a href=\"http:\/\/izmirkesicitakim.com\/index.php\/freze-bileme-ve-kesme-makinasi\/\">FREZE B\u0130LEME VE KESME MAK\u0130NASI<\/a><\/li>\n<\/ul>\n<\/ul>\n<ul>\n<li>\n<h2><strong><span style=\"color: #333333;\"><a style=\"color: #333333;\" href=\"http:\/\/izmirkesicitakim.com\/index.php\/matkap-ve-freze-bileme-makinasi-2\">MATKAP VE FREZE B\u0130LEME MAK\u0130NASI<\/a><\/span><\/strong><\/h2>\n<\/li>\n<\/ul>\n<p>[\/vc_column_text][\/vc_column][vc_column width=&#8221;2\/3&#8243; dp_animation=&#8221;&#8221;][vc_single_image image=&#8221;8575&#8243; img_size=&#8221;350&#215;260&#8243; alignment=&#8221;center&#8221; style=&#8221;vc_box_shadow_3d&#8221; onclick=&#8221;link_image&#8221; dp_animation=&#8221;&#8221;][vc_column_text dp_animation=&#8221;&#8221;]HSS VE SD MATKAP U\u00c7LARINI VE HSS VE SD ( KARB\u00dcR ) FREZE \u00c7AKILARINI M\u00dcKEMMELE YAKIN B\u0130R KAL\u0130TEDE B\u0130LEME OLANA\u011eI SAGLAR. MAK\u0130NALARIMIZIN KULLANIMI \u00c7OK KOLAY OLUP HER OPERAT\u00d6R\u00dcN UYGULAYAB\u0130LECE\u011e\u0130 BAS\u0130T UYGULAMALARDIR. MAK\u0130NALARIMIZ 1 YIL GARANT\u0130L\u0130 OLUP SERV\u0130S VE YEDEK PAR\u00c7A GARANT\u0130L\u0130D\u0130R.[\/vc_column_text][\/vc_column][\/vc_row]<\/p>\n","protected":false},"excerpt":{"rendered":"<p>[vc_row type=&#8221;grid&#8221; video_bg=&#8221;&#8221;][vc_column width=&#8221;1\/3&#8243; dp_animation=&#8221;&#8221;][vc_empty_space][vc_column_text dp_animation=&#8221;&#8221;] FREZE B\u0130LEME VE KESME MAK\u0130NASI MATKAP VE FREZE B\u0130LEME MAK\u0130NASI [\/vc_column_text][\/vc_column][vc_column width=&#8221;2\/3&#8243; dp_animation=&#8221;&#8221;][vc_single_image image=&#8221;8575&#8243; <p><a class=\"dp-readon\" href=\"https:\/\/www.izmirkesicitakim.com\/index.php\/matkap-ve-freze-bileme-makinasi-2\/\"><span>Detayl\u0131 Bilgi<\/span><\/a><\/p><\/p>\n","protected":false},"author":1,"featured_media":0,"parent":0,"menu_order":0,"comment_status":"closed","ping_status":"closed","template":"template.right.sidebar.php","meta":[],"_links":{"self":[{"href":"https:\/\/www.izmirkesicitakim.com\/index.php\/wp-json\/wp\/v2\/pages\/8573"}],"collection":[{"href":"https:\/\/www.izmirkesicitakim.com\/index.php\/wp-json\/wp\/v2\/pages"}],"about":[{"href":"https:\/\/www.izmirkesicitakim.com\/index.php\/wp-json\/wp\/v2\/types\/page"}],"author":[{"embeddable":true,"href":"https:\/\/www.izmirkesicitakim.com\/index.php\/wp-json\/wp\/v2\/users\/1"}],"replies":[{"embeddable":true,"href":"https:\/\/www.izmirkesicitakim.com\/index.php\/wp-json\/wp\/v2\/comments?post=8573"}],"version-history":[{"count":3,"href":"https:\/\/www.izmirkesicitakim.com\/index.php\/wp-json\/wp\/v2\/pages\/8573\/revisions"}],"predecessor-version":[{"id":9016,"href":"https:\/\/www.izmirkesicitakim.com\/index.php\/wp-json\/wp\/v2\/pages\/8573\/revisions\/9016"}],"wp:attachment":[{"href":"https:\/\/www.izmirkesicitakim.com\/index.php\/wp-json\/wp\/v2\/media?parent=8573"}],"curies":[{"name":"wp","href":"https:\/\/api.w.org\/{rel}","templated":true}]}}