{"id":8504,"date":"2016-06-30T13:49:05","date_gmt":"2016-06-30T10:49:05","guid":{"rendered":"http:\/\/izmirkesicitakim.com\/?page_id=8504"},"modified":"2016-07-03T12:39:11","modified_gmt":"2016-07-03T09:39:11","slug":"3-agizli-duz-uzun-freze","status":"publish","type":"page","link":"https:\/\/www.izmirkesicitakim.com\/index.php\/3-agizli-duz-uzun-freze\/","title":{"rendered":"3 A\u011f\u0131zl\u0131 D\u00fcz Uzun Freze"},"content":{"rendered":"<p>[vc_row type=&#8221;grid&#8221; video_bg=&#8221;&#8221;][vc_column width=&#8221;1\/3&#8243; dp_animation=&#8221;&#8221;][vc_column_text dp_animation=&#8221;&#8221;]<\/p>\n<ul>\n<li><a href=\"http:\/\/izmirkesicitakim.com\/index.php\/2-agizli-duz-freze\/\">2 A\u011eIZLI D\u00dcZ FREZE<\/a><\/li>\n<li><a href=\"http:\/\/izmirkesicitakim.com\/index.php\/2-agizli-duz-uzun-freze\/\">2 A\u011eIZLI D\u00dcZ UZUN FREZE<\/a><\/li>\n<li><a href=\"http:\/\/izmirkesicitakim.com\/index.php\/3-agizli-duz-freze\/\">3\u00a0A\u011eIZLI D\u00dcZ FREZE<\/a><\/li>\n<li>\n<h2><span style=\"color: #333333;\"><a style=\"color: #333333;\" href=\"http:\/\/izmirkesicitakim.com\/index.php\/3-agizli-duz-uzun-freze\/\">3\u00a0A\u011eIZLI D\u00dcZ UZUN FREZE<\/a><\/span><\/h2>\n<\/li>\n<li><a href=\"http:\/\/izmirkesicitakim.com\/index.php\/4-agizli-duz-freze\/\">4\u00a0A\u011eIZLI D\u00dcZ FREZE<\/a><\/li>\n<li><a href=\"http:\/\/izmirkesicitakim.com\/index.php\/4-agizli-duz-uzun-freze\/\">4\u00a0A\u011eIZLI D\u00dcZ UZUN FREZE<\/a><\/li>\n<li><a href=\"http:\/\/izmirkesicitakim.com\/index.php\/6-agizli-duz-freze\/\">6\u00a0A\u011eIZLI D\u00dcZ FREZE<\/a><\/li>\n<li><a href=\"http:\/\/izmirkesicitakim.com\/index.php\/6-agizli-duz-uzun-freze\/\">6\u00a0A\u011eIZLI D\u00dcZ UZUN FREZE<\/a><\/li>\n<\/ul>\n<p>[\/vc_column_text][vc_empty_space][vc_btn title=&#8221;Karb\u00fcr Parmak Frezeler&#8221; color=&#8221;danger&#8221; align=&#8221;center&#8221; i_icon_fontawesome=&#8221;fa fa-reply&#8221; link=&#8221;url:http%3A%2F%2Fizmirkesicitakim.com%2Findex.php%2Fkarbur-parmak-frezeler%2F||&#8221; button_block=&#8221;true&#8221; add_icon=&#8221;true&#8221;][\/vc_column][vc_column width=&#8221;2\/3&#8243; dp_animation=&#8221;&#8221;][vc_single_image image=&#8221;8506&#8243; img_size=&#8221;350&#215;450&#8243; alignment=&#8221;center&#8221; style=&#8221;vc_box_shadow_3d&#8221; onclick=&#8221;link_image&#8221; dp_animation=&#8221;&#8221;][\/vc_column][\/vc_row]<\/p>\n","protected":false},"excerpt":{"rendered":"<p>[vc_row type=&#8221;grid&#8221; video_bg=&#8221;&#8221;][vc_column width=&#8221;1\/3&#8243; dp_animation=&#8221;&#8221;][vc_column_text dp_animation=&#8221;&#8221;] 2 A\u011eIZLI D\u00dcZ FREZE 2 A\u011eIZLI D\u00dcZ UZUN FREZE 3\u00a0A\u011eIZLI D\u00dcZ FREZE 3\u00a0A\u011eIZLI D\u00dcZ <p><a class=\"dp-readon\" href=\"https:\/\/www.izmirkesicitakim.com\/index.php\/3-agizli-duz-uzun-freze\/\"><span>Detayl\u0131 Bilgi<\/span><\/a><\/p><\/p>\n","protected":false},"author":1,"featured_media":0,"parent":0,"menu_order":0,"comment_status":"closed","ping_status":"closed","template":"template.right.sidebar.php","meta":[],"_links":{"self":[{"href":"https:\/\/www.izmirkesicitakim.com\/index.php\/wp-json\/wp\/v2\/pages\/8504"}],"collection":[{"href":"https:\/\/www.izmirkesicitakim.com\/index.php\/wp-json\/wp\/v2\/pages"}],"about":[{"href":"https:\/\/www.izmirkesicitakim.com\/index.php\/wp-json\/wp\/v2\/types\/page"}],"author":[{"embeddable":true,"href":"https:\/\/www.izmirkesicitakim.com\/index.php\/wp-json\/wp\/v2\/users\/1"}],"replies":[{"embeddable":true,"href":"https:\/\/www.izmirkesicitakim.com\/index.php\/wp-json\/wp\/v2\/comments?post=8504"}],"version-history":[{"count":7,"href":"https:\/\/www.izmirkesicitakim.com\/index.php\/wp-json\/wp\/v2\/pages\/8504\/revisions"}],"predecessor-version":[{"id":8972,"href":"https:\/\/www.izmirkesicitakim.com\/index.php\/wp-json\/wp\/v2\/pages\/8504\/revisions\/8972"}],"wp:attachment":[{"href":"https:\/\/www.izmirkesicitakim.com\/index.php\/wp-json\/wp\/v2\/media?parent=8504"}],"curies":[{"name":"wp","href":"https:\/\/api.w.org\/{rel}","templated":true}]}}