{"id":8484,"date":"2016-06-30T13:21:37","date_gmt":"2016-06-30T10:21:37","guid":{"rendered":"http:\/\/izmirkesicitakim.com\/?page_id=8484"},"modified":"2016-07-03T12:30:32","modified_gmt":"2016-07-03T09:30:32","slug":"mikro-duz-freze","status":"publish","type":"page","link":"https:\/\/www.izmirkesicitakim.com\/index.php\/mikro-duz-freze\/","title":{"rendered":"Mikro D\u00fcz Freze"},"content":{"rendered":"<p>[vc_row type=&#8221;grid&#8221; video_bg=&#8221;&#8221;][vc_column width=&#8221;1\/3&#8243; dp_animation=&#8221;&#8221;][vc_empty_space height=&#8221;50px&#8221;][vc_column_text dp_animation=&#8221;&#8221;]<\/p>\n<ul>\n<li><a href=\"http:\/\/izmirkesicitakim.com\/index.php\/kure-mikro-freze\/\">K\u00dcRE M\u0130KRO FREZE<\/a><\/li>\n<li>\n<h2><span style=\"color: #333333;\"><a style=\"color: #333333;\" href=\"http:\/\/izmirkesicitakim.com\/index.php\/mikro-duz-freze\/\">M\u0130KRO D\u00dcZ FREZE<\/a><\/span><\/h2>\n<\/li>\n<\/ul>\n<p>[\/vc_column_text][vc_empty_space][vc_btn title=&#8221;Karb\u00fcr Parmak Frezeler&#8221; color=&#8221;danger&#8221; align=&#8221;center&#8221; i_icon_fontawesome=&#8221;fa fa-reply&#8221; link=&#8221;url:http%3A%2F%2Fizmirkesicitakim.com%2Findex.php%2Fkarbur-parmak-frezeler%2F||&#8221; button_block=&#8221;true&#8221; add_icon=&#8221;true&#8221;][\/vc_column][vc_column width=&#8221;2\/3&#8243; dp_animation=&#8221;&#8221;][vc_single_image image=&#8221;8487&#8243; img_size=&#8221;350&#215;500&#8243; alignment=&#8221;center&#8221; style=&#8221;vc_box_shadow_3d&#8221; onclick=&#8221;link_image&#8221; dp_animation=&#8221;&#8221;][\/vc_column][\/vc_row]<\/p>\n","protected":false},"excerpt":{"rendered":"<p>[vc_row type=&#8221;grid&#8221; video_bg=&#8221;&#8221;][vc_column width=&#8221;1\/3&#8243; dp_animation=&#8221;&#8221;][vc_empty_space height=&#8221;50px&#8221;][vc_column_text dp_animation=&#8221;&#8221;] K\u00dcRE M\u0130KRO FREZE M\u0130KRO D\u00dcZ FREZE [\/vc_column_text][vc_empty_space][vc_btn title=&#8221;Karb\u00fcr Parmak Frezeler&#8221; color=&#8221;danger&#8221; align=&#8221;center&#8221; i_icon_fontawesome=&#8221;fa <p><a class=\"dp-readon\" href=\"https:\/\/www.izmirkesicitakim.com\/index.php\/mikro-duz-freze\/\"><span>Detayl\u0131 Bilgi<\/span><\/a><\/p><\/p>\n","protected":false},"author":1,"featured_media":0,"parent":0,"menu_order":0,"comment_status":"closed","ping_status":"closed","template":"template.right.sidebar.php","meta":[],"_links":{"self":[{"href":"https:\/\/www.izmirkesicitakim.com\/index.php\/wp-json\/wp\/v2\/pages\/8484"}],"collection":[{"href":"https:\/\/www.izmirkesicitakim.com\/index.php\/wp-json\/wp\/v2\/pages"}],"about":[{"href":"https:\/\/www.izmirkesicitakim.com\/index.php\/wp-json\/wp\/v2\/types\/page"}],"author":[{"embeddable":true,"href":"https:\/\/www.izmirkesicitakim.com\/index.php\/wp-json\/wp\/v2\/users\/1"}],"replies":[{"embeddable":true,"href":"https:\/\/www.izmirkesicitakim.com\/index.php\/wp-json\/wp\/v2\/comments?post=8484"}],"version-history":[{"count":7,"href":"https:\/\/www.izmirkesicitakim.com\/index.php\/wp-json\/wp\/v2\/pages\/8484\/revisions"}],"predecessor-version":[{"id":8959,"href":"https:\/\/www.izmirkesicitakim.com\/index.php\/wp-json\/wp\/v2\/pages\/8484\/revisions\/8959"}],"wp:attachment":[{"href":"https:\/\/www.izmirkesicitakim.com\/index.php\/wp-json\/wp\/v2\/media?parent=8484"}],"curies":[{"name":"wp","href":"https:\/\/api.w.org\/{rel}","templated":true}]}}