{"id":8346,"date":"2016-06-25T15:16:21","date_gmt":"2016-06-25T12:16:21","guid":{"rendered":"http:\/\/izmirkesicitakim.com\/?page_id=8346"},"modified":"2016-06-25T15:16:21","modified_gmt":"2016-06-25T12:16:21","slug":"dis-kose-radyus-freze-2","status":"publish","type":"page","link":"https:\/\/www.izmirkesicitakim.com\/index.php\/dis-kose-radyus-freze-2\/","title":{"rendered":"D\u0131\u015f K\u00f6\u015fe Radyus Freze"},"content":{"rendered":"<p>[vc_row type=&#8221;grid&#8221; video_bg=&#8221;&#8221;][vc_column width=&#8221;1\/3&#8243; dp_animation=&#8221;&#8221;][vc_empty_space height=&#8221;50px&#8221;][vc_column_text dp_animation=&#8221;&#8221;]<\/p>\n<ul>\n<li><a href=\"http:\/\/izmirkesicitakim.com\/index.php\/karbur-parmak-frezeler\/\">M\u0130KRO FREZELER<\/a><\/li>\n<li><a href=\"http:\/\/izmirkesicitakim.com\/index.php\/duz-frezeler\/\">D\u00dcZ FREZELER<\/a><\/li>\n<li><a href=\"http:\/\/izmirkesicitakim.com\/index.php\/kure-frezeler\/\">K\u00dcRE FREZELER<\/a><\/li>\n<li><a href=\"http:\/\/izmirkesicitakim.com\/index.php\/kose-radyuslu-frezeler\/\">K\u00d6\u015eE RADY\u00dcSL\u00dc FREZELER<\/a><\/li>\n<li><a href=\"http:\/\/izmirkesicitakim.com\/index.php\/dalma-boylu-frezeler\/\">DALMA BOYLU FREZELER<\/a><\/li>\n<li><a href=\"http:\/\/izmirkesicitakim.com\/index.php\/high-speed-frezeler\/\">HIGH SPEED FREZELER<\/a><\/li>\n<li><a href=\"http:\/\/izmirkesicitakim.com\/index.php\/konik-frezeler\/\">KON\u0130K FREZELER<\/a><\/li>\n<li><a href=\"http:\/\/izmirkesicitakim.com\/index.php\/kabalatas-frezeler\/\">KABATALA\u015e FREZELER<\/a><\/li>\n<li><a href=\"http:\/\/izmirkesicitakim.com\/index.php\/aluminyum-frezeler\/\">ALUMINYUM FREZELER<\/a><\/li>\n<li>\n<h2><strong><span style=\"color: #ffcc00;\"><a style=\"color: #ffcc00;\" href=\"http:\/\/izmirkesicitakim.com\/index.php\/dis-kose-radyus-frezeler\/\">DI\u015e K\u00d6\u015eE RADY\u00dcS FREZE<\/a><\/span><\/strong><\/h2>\n<\/li>\n<\/ul>\n<p>.[\/vc_column_text][vc_btn title=&#8221;\u00dcr\u00fcnler&#8221; color=&#8221;danger&#8221; align=&#8221;center&#8221; i_icon_fontawesome=&#8221;fa fa-reply&#8221; link=&#8221;url:http%3A%2F%2Fizmirkesicitakim.com%2Findex.php%2Furunler%2F||&#8221; button_block=&#8221;true&#8221; add_icon=&#8221;true&#8221;][\/vc_column][vc_column width=&#8221;2\/3&#8243; dp_animation=&#8221;&#8221;][vc_empty_space height=&#8221;50px&#8221;][vc_single_image image=&#8221;8347&#8243; img_size=&#8221;large&#8221; alignment=&#8221;center&#8221; style=&#8221;vc_box_shadow_3d&#8221; dp_animation=&#8221;&#8221;][vc_btn title=&#8221;DI\u015e K\u00d6\u015eE RADY\u00dcS FREZE&#8221; align=&#8221;center&#8221; button_block=&#8221;true&#8221;][vc_empty_space height=&#8221;50px&#8221;][\/vc_column][\/vc_row]<\/p>\n","protected":false},"excerpt":{"rendered":"<p>[vc_row type=&#8221;grid&#8221; video_bg=&#8221;&#8221;][vc_column width=&#8221;1\/3&#8243; dp_animation=&#8221;&#8221;][vc_empty_space height=&#8221;50px&#8221;][vc_column_text dp_animation=&#8221;&#8221;] M\u0130KRO FREZELER D\u00dcZ FREZELER K\u00dcRE FREZELER K\u00d6\u015eE RADY\u00dcSL\u00dc FREZELER DALMA BOYLU FREZELER HIGH <p><a class=\"dp-readon\" href=\"https:\/\/www.izmirkesicitakim.com\/index.php\/dis-kose-radyus-freze-2\/\"><span>Detayl\u0131 Bilgi<\/span><\/a><\/p><\/p>\n","protected":false},"author":1,"featured_media":0,"parent":0,"menu_order":0,"comment_status":"closed","ping_status":"closed","template":"template.fullwidth.vc.php","meta":[],"_links":{"self":[{"href":"https:\/\/www.izmirkesicitakim.com\/index.php\/wp-json\/wp\/v2\/pages\/8346"}],"collection":[{"href":"https:\/\/www.izmirkesicitakim.com\/index.php\/wp-json\/wp\/v2\/pages"}],"about":[{"href":"https:\/\/www.izmirkesicitakim.com\/index.php\/wp-json\/wp\/v2\/types\/page"}],"author":[{"embeddable":true,"href":"https:\/\/www.izmirkesicitakim.com\/index.php\/wp-json\/wp\/v2\/users\/1"}],"replies":[{"embeddable":true,"href":"https:\/\/www.izmirkesicitakim.com\/index.php\/wp-json\/wp\/v2\/comments?post=8346"}],"version-history":[{"count":1,"href":"https:\/\/www.izmirkesicitakim.com\/index.php\/wp-json\/wp\/v2\/pages\/8346\/revisions"}],"predecessor-version":[{"id":8348,"href":"https:\/\/www.izmirkesicitakim.com\/index.php\/wp-json\/wp\/v2\/pages\/8346\/revisions\/8348"}],"wp:attachment":[{"href":"https:\/\/www.izmirkesicitakim.com\/index.php\/wp-json\/wp\/v2\/media?parent=8346"}],"curies":[{"name":"wp","href":"https:\/\/api.w.org\/{rel}","templated":true}]}}