{"id":8243,"date":"2016-06-25T10:47:04","date_gmt":"2016-06-25T07:47:04","guid":{"rendered":"http:\/\/izmirkesicitakim.com\/?page_id=8243"},"modified":"2016-07-11T13:45:21","modified_gmt":"2016-07-11T10:45:21","slug":"tornalama-katerleri","status":"publish","type":"page","link":"https:\/\/www.izmirkesicitakim.com\/index.php\/tornalama-katerleri\/","title":{"rendered":"Tornalama Katerleri"},"content":{"rendered":"<p>[vc_row type=&#8221;grid&#8221; video_bg=&#8221;&#8221;][vc_column width=&#8221;1\/3&#8243; dp_animation=&#8221;&#8221;][vc_empty_space height=&#8221;15px&#8221;][vc_column_text dp_animation=&#8221;&#8221;]<\/p>\n<ul>\n<li>\n<h4><a href=\"http:\/\/www.aydosa.com\/index.php\/downloads\/magazine\/aydosa-turning-tools-catalogue\/8\/component\" target=\"_blank\">DI\u015e \u00c7AP TORNALAMA KATERLER\u0130<\/a><\/h4>\n<\/li>\n<li>\n<h4><a href=\"http:\/\/www.aydosa.com\/index.php\/urunlerimiz\/tornalama-katerleri-ve-uclari\/iso-torna-katerleri-ic-cap\" target=\"_blank\">\u0130\u00c7 \u00c7AP TORNALAMA KATERLER\u0130<\/a><\/h4>\n<\/li>\n<li>\n<h4><a href=\"http:\/\/www.aydosa.com\/index.php\/urunlerimiz\/tornalama-katerleri-ve-uclari\/kanal-katerleri\" target=\"_blank\">KANAL KATERLER\u0130<\/a><\/h4>\n<\/li>\n<li>\n<h4><a href=\"http:\/\/www.aydosa.com\/index.php\/urunlerimiz\/tornalama-katerleri-ve-uclari\/kesme-lamalari-ve-tutuculari\" target=\"_blank\">KESME KATERLER\u0130<\/a><\/h4>\n<\/li>\n<li>\n<h4><a href=\"http:\/\/www.aydosa.com\/index.php\/urunlerimiz\/tornalama-katerleri-ve-uclari\/seramik-uc-katerleri\" target=\"_blank\">SERAM\u0130K KATERLER\u0130<\/a><\/h4>\n<\/li>\n<li>\n<h4><a href=\"http:\/\/www.aydosa.com\/index.php\/downloads\/magazine\/aydosa-threading-tools-catalogue\/9\/component\" target=\"_blank\">V\u0130DA KATERLER\u0130<\/a><\/h4>\n<\/li>\n<\/ul>\n<p>[\/vc_column_text][vc_empty_space][\/vc_column][vc_column width=&#8221;2\/3&#8243; dp_animation=&#8221;&#8221;][vc_empty_space height=&#8221;5px&#8221;][vc_single_image image=&#8221;7927&#8243; img_size=&#8221;large&#8221; alignment=&#8221;center&#8221; dp_animation=&#8221;&#8221;][vc_empty_space height=&#8221;20px&#8221;][vc_column_text dp_animation=&#8221;&#8221;]<\/p>\n<h4 style=\"text-align: center;\"><strong><span style=\"color: #0000ff;\">AYDOSA<\/span> size en y\u00fcksek kalite d\u00fczeyinde \u00fcr\u00fcn sunabilmek i\u00e7in \u00fcretim a\u015famas\u0131nda ham malzemeden ba\u015flayarak paketleme noktas\u0131na gelinceye kadar b\u00fct\u00fcn \u00fcr\u00fcnleri defalarca kalite kontrol\u00fcnden ge\u00e7irir.<\/strong><\/h4>\n<h4 style=\"text-align: center;\"><strong>Her \u00fcretilen yeni \u00fcr\u00fcn Avrupa&#8217;n\u0131n sayg\u0131n \u015firketleri taraf\u0131ndan da en a\u011f\u0131r ko\u015fullar alt\u0131nda test edilir ve kalitesi onayland\u0131ktan sonra siz de\u011ferli m\u00fc\u015fterilerimize sunulur.<\/strong><\/h4>\n<p>[\/vc_column_text][vc_empty_space height=&#8221;20px&#8221;][vc_raw_html]JTNDY2VudGVyJTNFJTNDZGl2JTIwY2xhc3MlM0QlMjJidXR0b24tZ3JvdXAlMjBjZW50ZXJlZCUyMiUzRSUyMCUzQ2ElMjBocmVmJTNEJTIyaHR0cCUzQSUyRiUyRnlpbGRpenRla25pa3Rha2ltLmNvbSUyRmluZGV4LnBocCUyRmlsZXRpc2ltJTJGJTIyJTIwY2xhc3MlM0QlMjJidXR0b24lMjBsZWZ0YnV0dG9uJTIyJTIwZGF0YS1hbmltYXRlZCUzRCUyMmZhZGVJbkxlZnQlMjIlM0UlM0NzcGFuJTIwY2xhc3MlM0QlMjJ0aXRsZSUyMiUzRSVDNCVCMGxldGklQzUlOUZpbSUzQyUyRnNwYW4lM0UlM0NzcGFuJTIwY2xhc3MlM0QlMjJzdWJ0aXRsZSUyMiUzRUJpbGdpbGVyaSUyMGclQzMlQjZyJUMzJUJDbnQlQzMlQkNsZSUzQyUyRnNwYW4lM0UlM0MlMkZhJTNFJTNDYSUyMGhyZWYlM0QlMjJodHRwJTNBJTJGJTJGeWlsZGl6dGVrbmlrdGFraW0uY29tJTJGaW5kZXgucGhwJTJGc2lwYXJpcy1mb3JtdSUyRiUyMiUyMGNsYXNzJTNEJTIyYnV0dG9uJTIwcmlnaHRidXR0b24lMjIlMjBkYXRhLWFuaW1hdGVkJTNEJTIyZmFkZUluUmlnaHQlMjIlM0UlM0NzcGFuJTIwY2xhc3MlM0QlMjJ0aXRsZSUyMiUzRVNpcGFyaSVDNSU5RiUyMFZlciUzQyUyRnNwYW4lM0UlM0NzcGFuJTIwY2xhc3MlM0QlMjJzdWJ0aXRsZSUyMiUzRXNpemklMjBoZW1lbiUyMGFyYXlhbCVDNCVCMW0lM0MlMkZzcGFuJTNFJTNDJTJGYSUzRSUyMCUzQyUyRmRpdiUzRSUzQyUyRmNlbnRlciUzRQ==[\/vc_raw_html][\/vc_column][\/vc_row][vc_row type=&#8221;grid&#8221; video_bg=&#8221;&#8221;][vc_column dp_animation=&#8221;&#8221;][vc_column_text dp_animation=&#8221;&#8221;]<\/p>\n<p>[\/vc_column_text][\/vc_column][\/vc_row]<\/p>\n","protected":false},"excerpt":{"rendered":"<p>[vc_row type=&#8221;grid&#8221; video_bg=&#8221;&#8221;][vc_column width=&#8221;1\/3&#8243; dp_animation=&#8221;&#8221;][vc_empty_space height=&#8221;15px&#8221;][vc_column_text dp_animation=&#8221;&#8221;] DI\u015e \u00c7AP TORNALAMA KATERLER\u0130 \u0130\u00c7 \u00c7AP TORNALAMA KATERLER\u0130 KANAL KATERLER\u0130 KESME KATERLER\u0130 SERAM\u0130K <p><a class=\"dp-readon\" href=\"https:\/\/www.izmirkesicitakim.com\/index.php\/tornalama-katerleri\/\"><span>Detayl\u0131 Bilgi<\/span><\/a><\/p><\/p>\n","protected":false},"author":1,"featured_media":0,"parent":0,"menu_order":0,"comment_status":"closed","ping_status":"closed","template":"template.right.sidebar.php","meta":[],"_links":{"self":[{"href":"https:\/\/www.izmirkesicitakim.com\/index.php\/wp-json\/wp\/v2\/pages\/8243"}],"collection":[{"href":"https:\/\/www.izmirkesicitakim.com\/index.php\/wp-json\/wp\/v2\/pages"}],"about":[{"href":"https:\/\/www.izmirkesicitakim.com\/index.php\/wp-json\/wp\/v2\/types\/page"}],"author":[{"embeddable":true,"href":"https:\/\/www.izmirkesicitakim.com\/index.php\/wp-json\/wp\/v2\/users\/1"}],"replies":[{"embeddable":true,"href":"https:\/\/www.izmirkesicitakim.com\/index.php\/wp-json\/wp\/v2\/comments?post=8243"}],"version-history":[{"count":35,"href":"https:\/\/www.izmirkesicitakim.com\/index.php\/wp-json\/wp\/v2\/pages\/8243\/revisions"}],"predecessor-version":[{"id":9147,"href":"https:\/\/www.izmirkesicitakim.com\/index.php\/wp-json\/wp\/v2\/pages\/8243\/revisions\/9147"}],"wp:attachment":[{"href":"https:\/\/www.izmirkesicitakim.com\/index.php\/wp-json\/wp\/v2\/media?parent=8243"}],"curies":[{"name":"wp","href":"https:\/\/api.w.org\/{rel}","templated":true}]}}