{"id":8165,"date":"2016-06-24T14:22:36","date_gmt":"2016-06-24T11:22:36","guid":{"rendered":"http:\/\/izmirkesicitakim.com\/?page_id=8165"},"modified":"2016-07-11T18:03:40","modified_gmt":"2016-07-11T15:03:40","slug":"duz-frezeler","status":"publish","type":"page","link":"https:\/\/www.izmirkesicitakim.com\/index.php\/duz-frezeler\/","title":{"rendered":"D\u00fcz Frezeler"},"content":{"rendered":"<p>[vc_row type=&#8221;grid&#8221; video_bg=&#8221;&#8221;][vc_column width=&#8221;1\/3&#8243; dp_animation=&#8221;&#8221;][vc_empty_space height=&#8221;5px&#8221;][vc_column_text dp_animation=&#8221;&#8221;]<\/p>\n<h3 style=\"text-align: left;\"><span style=\"color: #ff0000;\">KARB\u00dcR PARMAK FREZELER<\/span><\/h3>\n<p>[\/vc_column_text][vc_column_text dp_animation=&#8221;&#8221;]<\/p>\n<ul>\n<li><a href=\"http:\/\/izmirkesicitakim.com\/index.php\/mikro-frezeler\/\">M\u0130KRO FREZELER<\/a><\/li>\n<li>\n<h4><strong><span style=\"text-decoration: underline;\"><span style=\"color: #333333;\"><a style=\"color: #333333; text-decoration: underline;\" href=\"http:\/\/izmirkesicitakim.com\/index.php\/duz-frezeler\/\">D\u00dcZ FREZELER<\/a><\/span><\/span><\/strong><\/h4>\n<\/li>\n<li><a href=\"http:\/\/izmirkesicitakim.com\/index.php\/kure-frezeler\/\">K\u00dcRE FREZELER<\/a><\/li>\n<li><a href=\"http:\/\/izmirkesicitakim.com\/index.php\/kose-radyuslu-frezeler\/\">K\u00d6\u015eE RADY\u00dcSL\u00dc FREZELER<\/a><\/li>\n<li><a href=\"http:\/\/izmirkesicitakim.com\/index.php\/dalma-boylu-frezeler\/\">DALMA BOYLU FREZELER<\/a><\/li>\n<li><a href=\"http:\/\/izmirkesicitakim.com\/index.php\/high-speed-frezeler\/\">HIGH SPEED FREZELER<\/a><\/li>\n<li><a href=\"http:\/\/izmirkesicitakim.com\/index.php\/konik-frezeler\/\">KON\u0130K FREZELER<\/a><\/li>\n<li><a href=\"http:\/\/izmirkesicitakim.com\/index.php\/kabalatas-frezeler\/\">KABATALA\u015e FREZELER<\/a><\/li>\n<li><a href=\"http:\/\/izmirkesicitakim.com\/index.php\/aluminyum-frezeler\/\">ALUMINYUM FREZELER<\/a><\/li>\n<li><a href=\"http:\/\/izmirkesicitakim.com\/index.php\/dis-kose-radyus-frezeler\/\">DI\u015e K\u00d6\u015eE RADY\u00dcS FREZE<\/a><\/li>\n<li><a href=\"http:\/\/izmirkesicitakim.com\/index.php\/ozle-takim-imalati\/\">\u00d6ZEL TAKIM \u0130MALATI<\/a><\/li>\n<\/ul>\n<p>[\/vc_column_text][vc_empty_space][\/vc_column][vc_column width=&#8221;1\/3&#8243; dp_animation=&#8221;&#8221;][vc_single_image image=&#8221;8166&#8243; img_size=&#8221;large&#8221; alignment=&#8221;center&#8221; style=&#8221;vc_box_shadow_3d&#8221; dp_animation=&#8221;&#8221;][vc_btn title=&#8221;2 A\u011eIZLI D\u00dcZ FREZE&#8221; align=&#8221;center&#8221; css_animation=&#8221;left-to-right&#8221; button_block=&#8221;true&#8221; link=&#8221;url:http%3A%2F%2Fizmirkesicitakim.com%2Findex.php%2F2-agizli-duz-freze%2F||&#8221;][vc_single_image image=&#8221;8171&#8243; img_size=&#8221;large&#8221; alignment=&#8221;center&#8221; style=&#8221;vc_box_shadow_3d&#8221; dp_animation=&#8221;&#8221;][vc_btn title=&#8221;3 A\u011eIZLI D\u00dcZ FREZE&#8221; align=&#8221;center&#8221; css_animation=&#8221;left-to-right&#8221; button_block=&#8221;true&#8221; link=&#8221;url:http%3A%2F%2Fizmirkesicitakim.com%2Findex.php%2F3-agizli-duz-freze%2F||&#8221;][vc_single_image image=&#8221;8173&#8243; img_size=&#8221;large&#8221; alignment=&#8221;center&#8221; style=&#8221;vc_box_shadow_3d&#8221; dp_animation=&#8221;&#8221;][vc_btn title=&#8221;4 A\u011eIZLI D\u00dcZ FREZE&#8221; align=&#8221;center&#8221; css_animation=&#8221;left-to-right&#8221; button_block=&#8221;true&#8221; link=&#8221;url:http%3A%2F%2Fizmirkesicitakim.com%2Findex.php%2F4-agizli-duz-freze%2F||&#8221;][vc_single_image image=&#8221;8175&#8243; img_size=&#8221;large&#8221; alignment=&#8221;center&#8221; style=&#8221;vc_box_shadow_3d&#8221; dp_animation=&#8221;&#8221;][vc_btn title=&#8221;6 A\u011eIZLI D\u00dcZ FREZE&#8221; align=&#8221;center&#8221; css_animation=&#8221;left-to-right&#8221; button_block=&#8221;true&#8221; link=&#8221;url:http%3A%2F%2Fizmirkesicitakim.com%2Findex.php%2F6-agizli-duz-freze%2F||&#8221;][\/vc_column][vc_column width=&#8221;1\/3&#8243; dp_animation=&#8221;&#8221;][vc_single_image image=&#8221;8170&#8243; img_size=&#8221;large&#8221; alignment=&#8221;center&#8221; style=&#8221;vc_box_shadow_3d&#8221; dp_animation=&#8221;&#8221;][vc_btn title=&#8221;2 A\u011eIZLI D\u00dcZ UZUN FREZE&#8221; align=&#8221;center&#8221; css_animation=&#8221;left-to-right&#8221; button_block=&#8221;true&#8221; link=&#8221;url:http%3A%2F%2Fizmirkesicitakim.com%2Findex.php%2F2-agizli-duz-uzun-freze%2F||&#8221;][vc_single_image image=&#8221;8172&#8243; img_size=&#8221;large&#8221; alignment=&#8221;center&#8221; style=&#8221;vc_box_shadow_3d&#8221; dp_animation=&#8221;&#8221;][vc_btn title=&#8221;3 A\u011eIZLI D\u00dcZ UZUN FREZE&#8221; align=&#8221;center&#8221; css_animation=&#8221;left-to-right&#8221; button_block=&#8221;true&#8221; link=&#8221;url:http%3A%2F%2Fizmirkesicitakim.com%2Findex.php%2F3-agizli-duz-uzun-freze%2F||&#8221;][vc_single_image image=&#8221;8174&#8243; img_size=&#8221;large&#8221; alignment=&#8221;center&#8221; style=&#8221;vc_box_shadow_3d&#8221; dp_animation=&#8221;&#8221;][vc_btn title=&#8221;4 A\u011eIZLI D\u00dcZ UZUN FREZE&#8221; align=&#8221;center&#8221; css_animation=&#8221;left-to-right&#8221; button_block=&#8221;true&#8221; link=&#8221;url:http%3A%2F%2Fizmirkesicitakim.com%2Findex.php%2F4-agizli-duz-uzun-freze%2F||&#8221;][vc_single_image image=&#8221;8176&#8243; img_size=&#8221;large&#8221; alignment=&#8221;center&#8221; style=&#8221;vc_box_shadow_3d&#8221; dp_animation=&#8221;&#8221;][vc_btn title=&#8221;6 A\u011eIZLI D\u00dcZ UZUN FREZE&#8221; align=&#8221;center&#8221; css_animation=&#8221;left-to-right&#8221; button_block=&#8221;true&#8221; link=&#8221;url:http%3A%2F%2Fizmirkesicitakim.com%2Findex.php%2F6-agizli-duz-uzun-freze%2F||&#8221;][\/vc_column][\/vc_row]<\/p>\n","protected":false},"excerpt":{"rendered":"<p>[vc_row type=&#8221;grid&#8221; video_bg=&#8221;&#8221;][vc_column width=&#8221;1\/3&#8243; dp_animation=&#8221;&#8221;][vc_empty_space height=&#8221;5px&#8221;][vc_column_text dp_animation=&#8221;&#8221;] KARB\u00dcR PARMAK FREZELER [\/vc_column_text][vc_column_text dp_animation=&#8221;&#8221;] M\u0130KRO FREZELER D\u00dcZ FREZELER K\u00dcRE FREZELER K\u00d6\u015eE RADY\u00dcSL\u00dc <p><a class=\"dp-readon\" href=\"https:\/\/www.izmirkesicitakim.com\/index.php\/duz-frezeler\/\"><span>Detayl\u0131 Bilgi<\/span><\/a><\/p><\/p>\n","protected":false},"author":1,"featured_media":0,"parent":0,"menu_order":0,"comment_status":"closed","ping_status":"closed","template":"template.right.sidebar.php","meta":[],"_links":{"self":[{"href":"https:\/\/www.izmirkesicitakim.com\/index.php\/wp-json\/wp\/v2\/pages\/8165"}],"collection":[{"href":"https:\/\/www.izmirkesicitakim.com\/index.php\/wp-json\/wp\/v2\/pages"}],"about":[{"href":"https:\/\/www.izmirkesicitakim.com\/index.php\/wp-json\/wp\/v2\/types\/page"}],"author":[{"embeddable":true,"href":"https:\/\/www.izmirkesicitakim.com\/index.php\/wp-json\/wp\/v2\/users\/1"}],"replies":[{"embeddable":true,"href":"https:\/\/www.izmirkesicitakim.com\/index.php\/wp-json\/wp\/v2\/comments?post=8165"}],"version-history":[{"count":18,"href":"https:\/\/www.izmirkesicitakim.com\/index.php\/wp-json\/wp\/v2\/pages\/8165\/revisions"}],"predecessor-version":[{"id":9197,"href":"https:\/\/www.izmirkesicitakim.com\/index.php\/wp-json\/wp\/v2\/pages\/8165\/revisions\/9197"}],"wp:attachment":[{"href":"https:\/\/www.izmirkesicitakim.com\/index.php\/wp-json\/wp\/v2\/media?parent=8165"}],"curies":[{"name":"wp","href":"https:\/\/api.w.org\/{rel}","templated":true}]}}