{"id":8155,"date":"2016-06-24T13:52:53","date_gmt":"2016-06-24T10:52:53","guid":{"rendered":"http:\/\/izmirkesicitakim.com\/?page_id=8155"},"modified":"2016-07-11T18:06:00","modified_gmt":"2016-07-11T15:06:00","slug":"karbur-parmak-frezeler","status":"publish","type":"page","link":"https:\/\/www.izmirkesicitakim.com\/index.php\/karbur-parmak-frezeler\/","title":{"rendered":"Frezeler"},"content":{"rendered":"<p>[vc_row type=&#8221;grid&#8221; video_bg=&#8221;&#8221;][vc_column width=&#8221;1\/3&#8243; dp_animation=&#8221;&#8221;][vc_empty_space height=&#8221;5px&#8221;][vc_column_text dp_animation=&#8221;&#8221;]<\/p>\n<h3 style=\"text-align: left;\"><span style=\"color: #ff0000;\">KARB\u00dcR PARMAK FREZELER<\/span><\/h3>\n<p>[\/vc_column_text][vc_column_text dp_animation=&#8221;&#8221;]<\/p>\n<ul>\n<li style=\"text-align: left;\"><a href=\"http:\/\/izmirkesicitakim.com\/index.php\/mikro-frezeler\/\">M\u0130KRO FREZELER<\/a><\/li>\n<li style=\"text-align: left;\"><a href=\"http:\/\/izmirkesicitakim.com\/index.php\/duz-frezeler\/\">D\u00dcZ FREZELER<\/a><\/li>\n<li style=\"text-align: left;\"><a href=\"http:\/\/izmirkesicitakim.com\/index.php\/kure-frezeler\/\">K\u00dcRE FREZELER<\/a><\/li>\n<li style=\"text-align: left;\"><a href=\"http:\/\/izmirkesicitakim.com\/index.php\/kose-radyuslu-frezeler\/\">K\u00d6\u015eE RADY\u00dcSL\u00dc FREZELER<\/a><\/li>\n<li style=\"text-align: left;\"><a href=\"http:\/\/izmirkesicitakim.com\/index.php\/dalma-boylu-frezeler\/\">DALMA BOYLU FREZELER<\/a><\/li>\n<li style=\"text-align: left;\"><a href=\"http:\/\/izmirkesicitakim.com\/index.php\/high-speed-frezeler\/\">HIGH SPEED FREZELER<\/a><\/li>\n<li style=\"text-align: left;\"><a href=\"http:\/\/izmirkesicitakim.com\/index.php\/konik-frezeler\/\">KON\u0130K FREZELER<\/a><\/li>\n<li style=\"text-align: left;\"><a href=\"http:\/\/izmirkesicitakim.com\/index.php\/kabalatas-frezeler\/\">KABATALA\u015e FREZELER<\/a><\/li>\n<li style=\"text-align: left;\"><a href=\"http:\/\/izmirkesicitakim.com\/index.php\/aluminyum-frezeler\/\">ALUMINYUM FREZELER<\/a><\/li>\n<li style=\"text-align: left;\"><a href=\"http:\/\/izmirkesicitakim.com\/index.php\/dis-kose-radyus-frezeler\/\">DI\u015e K\u00d6\u015eE RADY\u00dcS FREZE<\/a><\/li>\n<li style=\"text-align: left;\"><a href=\"http:\/\/izmirkesicitakim.com\/index.php\/ozle-takim-imalati\/\">\u00d6ZEL TAKIM \u0130MALATI<\/a><\/li>\n<\/ul>\n<p>[\/vc_column_text][vc_empty_space][\/vc_column][vc_column width=&#8221;2\/3&#8243; dp_animation=&#8221;&#8221;][vc_empty_space height=&#8221;15px&#8221;][vc_single_image image=&#8221;7928&#8243; img_size=&#8221;full&#8221; alignment=&#8221;center&#8221; style=&#8221;vc_box_shadow_3d&#8221; dp_animation=&#8221;&#8221;][vc_column_text dp_animation=&#8221;fadeInRight&#8221;]<\/p>\n<h3 style=\"text-align: center;\"><span style=\"color: #ff0000;\">LI HSING<\/span><\/h3>\n<p style=\"text-align: center;\">Karb\u00fcr parmak frezeleme konusunda\u00a0 (65 HRC 2 mikron- 55 HRC 4 mikron) Alman men\u015fei karb\u00fcr \u00e7ubuk kaliteleri ile \u00fcretim yap\u0131lmaktad\u0131r karb\u00fcr freze serileri ve her \u00e7e\u015fit dalma boylu tak\u0131mlar\u0131 ile hem uygun fiyat hem de y\u00fcksek performans sa\u011flamaktad\u0131r LI HSING firmas\u0131 ile her t\u00fcrl\u00fc taleplerinize cevap verebilmekteyiz.<\/p>\n<p style=\"text-align: center;\">Standart veya \u00f6zel tak\u0131mlar\u0131n\u0131z\u0131 istenen dizayn ve \u00f6l\u00e7\u00fcde , i\u015flenecek malzeme \u00f6zelliklerine g\u00f6re uygun olan kaplama t\u00fcr\u00fc ile en k\u0131sa s\u00fcrede size ula\u015ft\u0131rmay\u0131 hedefliyoruz.<\/p>\n<p style=\"text-align: center;\">Ala\u015f\u0131ml\u0131 \u00e7elikler haricinde , sertle\u015ftirilmi\u015f \u00e7elik (65 HRC) , paslanmaz \u00e7elik , grafit , bak\u0131r ve titanyum gibi malzemelerin i\u015flenmesine uygun bir \u00e7ok farkl\u0131 \u00a0kaplama t\u00fcr\u00fc ile m\u00fc\u015fterilerimizin taleplerini kar\u015f\u0131lamaktay\u0131z<\/p>\n<p>[\/vc_column_text][\/vc_column][\/vc_row]<\/p>\n","protected":false},"excerpt":{"rendered":"<p>[vc_row type=&#8221;grid&#8221; video_bg=&#8221;&#8221;][vc_column width=&#8221;1\/3&#8243; dp_animation=&#8221;&#8221;][vc_empty_space height=&#8221;5px&#8221;][vc_column_text dp_animation=&#8221;&#8221;] KARB\u00dcR PARMAK FREZELER [\/vc_column_text][vc_column_text dp_animation=&#8221;&#8221;] M\u0130KRO FREZELER D\u00dcZ FREZELER K\u00dcRE FREZELER K\u00d6\u015eE RADY\u00dcSL\u00dc <p><a class=\"dp-readon\" href=\"https:\/\/www.izmirkesicitakim.com\/index.php\/karbur-parmak-frezeler\/\"><span>Detayl\u0131 Bilgi<\/span><\/a><\/p><\/p>\n","protected":false},"author":1,"featured_media":0,"parent":0,"menu_order":0,"comment_status":"closed","ping_status":"closed","template":"template.right.sidebar.php","meta":[],"_links":{"self":[{"href":"https:\/\/www.izmirkesicitakim.com\/index.php\/wp-json\/wp\/v2\/pages\/8155"}],"collection":[{"href":"https:\/\/www.izmirkesicitakim.com\/index.php\/wp-json\/wp\/v2\/pages"}],"about":[{"href":"https:\/\/www.izmirkesicitakim.com\/index.php\/wp-json\/wp\/v2\/types\/page"}],"author":[{"embeddable":true,"href":"https:\/\/www.izmirkesicitakim.com\/index.php\/wp-json\/wp\/v2\/users\/1"}],"replies":[{"embeddable":true,"href":"https:\/\/www.izmirkesicitakim.com\/index.php\/wp-json\/wp\/v2\/comments?post=8155"}],"version-history":[{"count":40,"href":"https:\/\/www.izmirkesicitakim.com\/index.php\/wp-json\/wp\/v2\/pages\/8155\/revisions"}],"predecessor-version":[{"id":9199,"href":"https:\/\/www.izmirkesicitakim.com\/index.php\/wp-json\/wp\/v2\/pages\/8155\/revisions\/9199"}],"wp:attachment":[{"href":"https:\/\/www.izmirkesicitakim.com\/index.php\/wp-json\/wp\/v2\/media?parent=8155"}],"curies":[{"name":"wp","href":"https:\/\/api.w.org\/{rel}","templated":true}]}}