{"id":8078,"date":"2016-06-23T19:47:54","date_gmt":"2016-06-23T16:47:54","guid":{"rendered":"http:\/\/izmirkesicitakim.com\/?page_id=8078"},"modified":"2016-07-02T18:38:28","modified_gmt":"2016-07-02T15:38:28","slug":"mdf-ahsap-freze","status":"publish","type":"page","link":"https:\/\/www.izmirkesicitakim.com\/index.php\/mdf-ahsap-freze\/","title":{"rendered":"MDF-Ah\u015fap Freze"},"content":{"rendered":"<p>[vc_row type=&#8221;grid&#8221; video_bg=&#8221;&#8221;][vc_column width=&#8221;2\/6&#8243; dp_animation=&#8221;&#8221;][vc_single_image image=&#8221;7939&#8243; img_size=&#8221;medium&#8221; alignment=&#8221;center&#8221; dp_animation=&#8221;&#8221;][vc_column_text dp_animation=&#8221;&#8221;]<\/p>\n<ul id=\"menu-urunler\" class=\"menu\">\n<li class=\"menu-item menu-item-type-custom menu-item-object-custom menu-item-7909\"><a href=\"http:\/\/izmirkesicitakim.com\/index.php\/cnc-router-uclari\/\">ALUM\u0130NYUM \u00a0(KARB\u00dcR) FREZE<\/a><\/li>\n<li class=\"menu-item menu-item-type-custom menu-item-object-custom menu-item-7909\"><a href=\"http:\/\/izmirkesicitakim.com\/index.php\/pleksi-dakota-forex-freze\/\">PLEKS\u0130-DAKOTA-FOREX (KARB\u00dcR) FREZE<\/a><\/li>\n<li class=\"menu-item menu-item-type-custom menu-item-object-custom menu-item-7909\"><a href=\"http:\/\/izmirkesicitakim.com\/index.php\/sol-pleksi-dakota-forex-freze\/\">SOL PLEKS\u0130-DAKOTA-FOREX (KARB\u00dcR ) FREZE<\/a><\/li>\n<li class=\"menu-item menu-item-type-custom menu-item-object-custom menu-item-7909\"><a href=\"http:\/\/izmirkesicitakim.com\/index.php\/aluminyum-freze-hss\/\">ALUMINYUM FREZE (HSS)<\/a><\/li>\n<li class=\"menu-item menu-item-type-custom menu-item-object-custom menu-item-7909\">\n<h2><span style=\"color: #333333;\"><strong>MDF-AH\u015eAP\u00a0 (KARB\u00dcR) FREZE<\/strong><\/span><\/h2>\n<\/li>\n<li class=\"menu-item menu-item-type-custom menu-item-object-custom menu-item-7909\"><a href=\"http:\/\/izmirkesicitakim.com\/index.php\/3d-karbur-freze\/\">3D (3 BOYUT)(KARB\u00dcR)FREZE<\/a><\/li>\n<li class=\"menu-item menu-item-type-custom menu-item-object-custom menu-item-7909\"><a href=\"http:\/\/izmirkesicitakim.com\/index.php\/gravur-harf-oyma-freze-60-90\/\">GRAV\u00dcR &#8211; HARF OYMA (KARB\u00dcR)\u00a0FREZE\u00a0(60\u00b0- 90\u00b0)<\/a><\/li>\n<li class=\"menu-item menu-item-type-custom menu-item-object-custom menu-item-7909\"><a href=\"http:\/\/izmirkesicitakim.com\/index.php\/strafor-kopuk-freze\/\">STRAFOR K\u00d6P\u00dcK (KARB\u00dcR) FREZE<\/a><\/li>\n<li class=\"menu-item menu-item-type-custom menu-item-object-custom menu-item-7909\"><a href=\"http:\/\/izmirkesicitakim.com\/index.php\/mermer-fiberglass-freze\/\">MERMER &#8211; F\u0130BERGLAS FREZE KAPLAMALI ALIN KES\u0130C\u0130L\u0130<\/a><\/li>\n<li class=\"menu-item menu-item-type-custom menu-item-object-custom menu-item-7909\"><a href=\"http:\/\/izmirkesicitakim.com\/index.php\/alucubond-kompozit-freze-90\/\">ALUCUBOND (KOMPOZ\u0130T) FREZE 90\u00b0<\/a><\/li>\n<li class=\"menu-item menu-item-type-custom menu-item-object-custom menu-item-7909\"><a href=\"http:\/\/izmirkesicitakim.com\/index.php\/cnc-yuzey-tarama\/\">CNC Y\u00dcZEY TARAMA<\/a><\/li>\n<\/ul>\n<p>[\/vc_column_text][vc_empty_space][\/vc_column][vc_column width=&#8221;4\/6&#8243; dp_animation=&#8221;&#8221;][vc_single_image image=&#8221;8079&#8243; img_size=&#8221;full&#8221; onclick=&#8221;link_image&#8221; dp_animation=&#8221;&#8221;][vc_empty_space][vc_raw_html]JTNDY2VudGVyJTNFJTNDZGl2JTIwY2xhc3MlM0QlMjJidXR0b24tZ3JvdXAlMjBjZW50ZXJlZCUyMiUzRSUyMCUzQ2ElMjBocmVmJTNEJTIyaHR0cCUzQSUyRiUyRnlpbGRpenRla25pa3Rha2ltLmNvbSUyRmluZGV4LnBocCUyRmlsZXRpc2ltJTJGJTIyJTIwY2xhc3MlM0QlMjJidXR0b24lMjBsZWZ0YnV0dG9uJTIyJTIwZGF0YS1hbmltYXRlZCUzRCUyMmZhZGVJbkxlZnQlMjIlM0UlM0NzcGFuJTIwY2xhc3MlM0QlMjJ0aXRsZSUyMiUzRSVDNCVCMGxldGklQzUlOUZpbSUzQyUyRnNwYW4lM0UlM0NzcGFuJTIwY2xhc3MlM0QlMjJzdWJ0aXRsZSUyMiUzRUJpbGdpbGVyaSUyMGclQzMlQjZyJUMzJUJDbnQlQzMlQkNsZSUzQyUyRnNwYW4lM0UlM0MlMkZhJTNFJTNDYSUyMGhyZWYlM0QlMjJodHRwJTNBJTJGJTJGeWlsZGl6dGVrbmlrdGFraW0uY29tJTJGaW5kZXgucGhwJTJGc2lwYXJpcy1mb3JtdSUyRiUyMiUyMGNsYXNzJTNEJTIyYnV0dG9uJTIwcmlnaHRidXR0b24lMjIlMjBkYXRhLWFuaW1hdGVkJTNEJTIyZmFkZUluUmlnaHQlMjIlM0UlM0NzcGFuJTIwY2xhc3MlM0QlMjJ0aXRsZSUyMiUzRVNpcGFyaSVDNSU5RiUyMFZlciUzQyUyRnNwYW4lM0UlM0NzcGFuJTIwY2xhc3MlM0QlMjJzdWJ0aXRsZSUyMiUzRXNpemklMjBoZW1lbiUyMGFyYXlhbCVDNCVCMW0lM0MlMkZzcGFuJTNFJTNDJTJGYSUzRSUyMCUzQyUyRmRpdiUzRSUzQyUyRmNlbnRlciUzRQ==[\/vc_raw_html][\/vc_column][\/vc_row]<\/p>\n","protected":false},"excerpt":{"rendered":"<p>[vc_row type=&#8221;grid&#8221; video_bg=&#8221;&#8221;][vc_column width=&#8221;2\/6&#8243; dp_animation=&#8221;&#8221;][vc_single_image image=&#8221;7939&#8243; img_size=&#8221;medium&#8221; alignment=&#8221;center&#8221; dp_animation=&#8221;&#8221;][vc_column_text dp_animation=&#8221;&#8221;] ALUM\u0130NYUM \u00a0(KARB\u00dcR) FREZE PLEKS\u0130-DAKOTA-FOREX (KARB\u00dcR) FREZE SOL PLEKS\u0130-DAKOTA-FOREX (KARB\u00dcR ) <p><a class=\"dp-readon\" href=\"https:\/\/www.izmirkesicitakim.com\/index.php\/mdf-ahsap-freze\/\"><span>Detayl\u0131 Bilgi<\/span><\/a><\/p><\/p>\n","protected":false},"author":1,"featured_media":0,"parent":0,"menu_order":0,"comment_status":"closed","ping_status":"closed","template":"template.right.sidebar.php","meta":[],"_links":{"self":[{"href":"https:\/\/www.izmirkesicitakim.com\/index.php\/wp-json\/wp\/v2\/pages\/8078"}],"collection":[{"href":"https:\/\/www.izmirkesicitakim.com\/index.php\/wp-json\/wp\/v2\/pages"}],"about":[{"href":"https:\/\/www.izmirkesicitakim.com\/index.php\/wp-json\/wp\/v2\/types\/page"}],"author":[{"embeddable":true,"href":"https:\/\/www.izmirkesicitakim.com\/index.php\/wp-json\/wp\/v2\/users\/1"}],"replies":[{"embeddable":true,"href":"https:\/\/www.izmirkesicitakim.com\/index.php\/wp-json\/wp\/v2\/comments?post=8078"}],"version-history":[{"count":15,"href":"https:\/\/www.izmirkesicitakim.com\/index.php\/wp-json\/wp\/v2\/pages\/8078\/revisions"}],"predecessor-version":[{"id":8950,"href":"https:\/\/www.izmirkesicitakim.com\/index.php\/wp-json\/wp\/v2\/pages\/8078\/revisions\/8950"}],"wp:attachment":[{"href":"https:\/\/www.izmirkesicitakim.com\/index.php\/wp-json\/wp\/v2\/media?parent=8078"}],"curies":[{"name":"wp","href":"https:\/\/api.w.org\/{rel}","templated":true}]}}