{"id":6848,"date":"2014-04-13T08:22:33","date_gmt":"2014-04-13T08:22:33","guid":{"rendered":"http:\/\/www.dynamicpress.kei.pl\/evolve_install\/?page_id=6848"},"modified":"2016-07-23T17:07:53","modified_gmt":"2016-07-23T14:07:53","slug":"iletisim","status":"publish","type":"page","link":"https:\/\/www.izmirkesicitakim.com\/index.php\/iletisim\/","title":{"rendered":"\u0130leti\u015fim"},"content":{"rendered":"<p>[vc_row type=&#8221;grid&#8221; video_bg=&#8221;&#8221;][vc_column dp_animation=&#8221;&#8221;][vc_gmaps link=&#8221;#E-8_JTNDaWZyYW1lJTIwJTIwaGVpZ2h0JTNEJTIyNDAwJTIyJTIwd2lkdGglM0QlMjIxMDAlMjUlMjIlMjBzcmMlM0QlMjJodHRwcyUzQSUyRiUyRnd3dy5nb29nbGUuY29tJTJGbWFwcyUyRmVtYmVkJTNGcGIlM0QlMjExbTE4JTIxMW0xMiUyMTFtMyUyMTFkNjI0OC45MTYyNzU2MjI2MjclMjEyZDI3LjI1NTQ4OTQ4MDUzOTA4NyUyMTNkMzguNDUzOTgzMjgwODIyMjE0JTIxMm0zJTIxMWYwJTIxMmYwJTIxM2YwJTIxM20yJTIxMWkxMDI0JTIxMmk3NjglMjE0ZjEzLjElMjEzbTMlMjExbTIlMjExczB4MTRiOTdjYTQ3MGM1NDdjZCUyNTNBMHhmMzhlZmY2YjEzNjMxNmZlJTIxMnpSR1ZrWld4bGNpREVzTVdmSUUxbGNtdGxlbWslMjE1ZTAlMjEzbTIlMjExc3RyJTIxMnN0ciUyMTR2MTQ2NjY5MTQxNTI5MyUyMiUzRSUzQyUyRmlmcmFtZSUzRQ==&#8221; size=&#8221;400&#8243;][\/vc_column][\/vc_row][vc_row type=&#8221;grid&#8221; video_bg=&#8221;&#8221; row_type=&#8221;section&#8221; bg_image_repeat=&#8221;repeat&#8221; padding_top=&#8221;40&#8243; padding_bottom=&#8221;40&#8243; css=&#8221;.vc_custom_1410251822843{padding-top: 70px !important;padding-bottom: 70px !important;}&#8221;][vc_column width=&#8221;1\/2&#8243; dp_animation=&#8221;&#8221;]<div class=\"headline heading-line \"><h3>\u0130LET\u0130\u015e\u0130M FORMU<\/h3><\/div><div role=\"form\" class=\"wpcf7\" id=\"wpcf7-f7484-o1\" lang=\"en-US\" dir=\"ltr\">\n<div class=\"screen-reader-response\"><p role=\"status\" aria-live=\"polite\" aria-atomic=\"true\"><\/p> <ul><\/ul><\/div>\n<form action=\"\/index.php\/wp-json\/wp\/v2\/pages\/6848#wpcf7-f7484-o1\" method=\"post\" class=\"wpcf7-form init\" novalidate=\"novalidate\" data-status=\"init\">\n<div style=\"display: none;\">\n<input type=\"hidden\" name=\"_wpcf7\" value=\"7484\" \/>\n<input type=\"hidden\" name=\"_wpcf7_version\" value=\"5.4\" \/>\n<input type=\"hidden\" name=\"_wpcf7_locale\" value=\"en_US\" \/>\n<input type=\"hidden\" name=\"_wpcf7_unit_tag\" value=\"wpcf7-f7484-o1\" \/>\n<input type=\"hidden\" name=\"_wpcf7_container_post\" value=\"0\" \/>\n<input type=\"hidden\" name=\"_wpcf7_posted_data_hash\" value=\"\" \/>\n<\/div>\n<p>\u0130sim (gerekli)<br \/>\n    <span class=\"wpcf7-form-control-wrap your-name\"><input type=\"text\" name=\"your-name\" value=\"\" size=\"40\" class=\"wpcf7-form-control wpcf7-text wpcf7-validates-as-required\" aria-required=\"true\" aria-invalid=\"false\" \/><\/span> <\/p>\n<p>E-Posta (gerekli)<br \/>\n    <span class=\"wpcf7-form-control-wrap your-email\"><input type=\"email\" name=\"your-email\" value=\"\" size=\"40\" class=\"wpcf7-form-control wpcf7-text wpcf7-email wpcf7-validates-as-required wpcf7-validates-as-email\" aria-required=\"true\" aria-invalid=\"false\" \/><\/span> <\/p>\n<p>Konu<br \/>\n    <span class=\"wpcf7-form-control-wrap your-subject\"><input type=\"text\" name=\"your-subject\" value=\"\" size=\"40\" class=\"wpcf7-form-control wpcf7-text\" aria-invalid=\"false\" \/><\/span> <\/p>\n<p>Mesaj<br \/>\n    <span class=\"wpcf7-form-control-wrap your-message\"><textarea name=\"your-message\" cols=\"40\" rows=\"10\" class=\"wpcf7-form-control wpcf7-textarea\" aria-invalid=\"false\"><\/textarea><\/span> <\/p>\n<p><input type=\"submit\" value=\"G\u00f6nder\" class=\"wpcf7-form-control wpcf7-submit\" \/><\/p>\n<div class=\"wpcf7-response-output\" aria-hidden=\"true\"><\/div><\/form><\/div>[\/vc_column][vc_column width=&#8221;1\/2&#8243; dp_animation=&#8221;&#8221;]<div class=\"headline heading-line \"><h3>YILDIZ TEKN\u0130K TAKIM SANAY\u0130 &#8211; AL\u0130 SAVRAN<\/h3><\/div>[vc_column_text dp_animation=&#8221;&#8221;][\/vc_column_text]<div style=\"height:20px; width:100%;clear:both\"><\/div>[vc_row_inner][vc_column_inner width=&#8221;1\/2&#8243;]<div class=\"featured-box \"  data-animated =\"flipInX\"><div class=\"circle-2\"><i class=\"ss-location\"><\/i><\/div><div class=\"featured-desc-2\"><h3>Adres<\/h3><p>Hac\u0131lark\u0131r\u0131 Cad. No..: 8\/1<br \/>\nDedeler \u0130\u015f Merkezi. B Blok<br \/>\nKat..: 3 .Daire..: 33 Bornova \/ \u0130ZM\u0130R<\/p><\/div><\/div><div class=\"featured-box \"  data-animated =\"flipInX\"><div class=\"circle-2\"><i class=\"ss-phone\"><\/i><\/div><div class=\"featured-desc-2\"><h3>Telefon<\/h3><p>+90 232 440 63 98<\/p><\/div><\/div><div class=\"featured-box \"  data-animated =\"flipInX\"><div class=\"circle-2\"><i class=\"icon-tablet-1\"><\/i><\/div><div class=\"featured-desc-2\"><h3>GSM<\/h3><p>+90 555 705 53 06<\/p><\/div><\/div><div class=\"featured-box \"  data-animated =\"flipInX\"><div class=\"circle-2\"><i class=\"ss-mail\"><\/i><\/div><div class=\"featured-desc-2\"><h3>E-Posta<\/h3><p>info@yildiztekniktakim.com<\/p><\/div><\/div>[\/vc_column_inner][vc_column_inner width=&#8221;1\/2&#8243;]<div class=\"featured-box \"  data-animated =\"flipInX\"><div class=\"circle-2\"><i class=\"icon-plus\"><\/i><\/div><div class=\"featured-desc-2\"><h3>Vergi Dairesi<\/h3><p>BORNOVA VD. 328 428 43880<\/p><\/div><\/div><div style=\"height:20px; width:100%;clear:both\"><\/div><div class=\"featured-box \"  data-animated =\"flipInX\"><div class=\"circle-2\"><i class=\"icon-address-book\"><\/i><\/div><div class=\"featured-desc-2\"><h3>Hesap Bilgileri<\/h3><p>Ali SAVRAN<\/p>\n<p>T\u00fcrkiye \u0130\u015f Bankas\u0131<\/p>\n<p>\u0130ban..: \u00a0TR17 0006 4000 0013 4780 1857 95<\/p>\n<p>Sube Kodu..:\u00a03478<\/p>\n<p>Hesap No..:\u00a00185795<\/p><\/div><\/div>[\/vc_column_inner][\/vc_row_inner]<div style=\"height:50px; width:100%;clear:both\"><\/div>[\/vc_column][\/vc_row]<\/p>\n","protected":false},"excerpt":{"rendered":"<p>[vc_row type=&#8221;grid&#8221; video_bg=&#8221;&#8221;][vc_column dp_animation=&#8221;&#8221;][vc_gmaps link=&#8221;#E-8_JTNDaWZyYW1lJTIwJTIwaGVpZ2h0JTNEJTIyNDAwJTIyJTIwd2lkdGglM0QlMjIxMDAlMjUlMjIlMjBzcmMlM0QlMjJodHRwcyUzQSUyRiUyRnd3dy5nb29nbGUuY29tJTJGbWFwcyUyRmVtYmVkJTNGcGIlM0QlMjExbTE4JTIxMW0xMiUyMTFtMyUyMTFkNjI0OC45MTYyNzU2MjI2MjclMjEyZDI3LjI1NTQ4OTQ4MDUzOTA4NyUyMTNkMzguNDUzOTgzMjgwODIyMjE0JTIxMm0zJTIxMWYwJTIxMmYwJTIxM2YwJTIxM20yJTIxMWkxMDI0JTIxMmk3NjglMjE0ZjEzLjElMjEzbTMlMjExbTIlMjExczB4MTRiOTdjYTQ3MGM1NDdjZCUyNTNBMHhmMzhlZmY2YjEzNjMxNmZlJTIxMnpSR1ZrWld4bGNpREVzTVdmSUUxbGNtdGxlbWslMjE1ZTAlMjEzbTIlMjExc3RyJTIxMnN0ciUyMTR2MTQ2NjY5MTQxNTI5MyUyMiUzRSUzQyUyRmlmcmFtZSUzRQ==&#8221; size=&#8221;400&#8243;][\/vc_column][\/vc_row][vc_row type=&#8221;grid&#8221; video_bg=&#8221;&#8221; row_type=&#8221;section&#8221; bg_image_repeat=&#8221;repeat&#8221; padding_top=&#8221;40&#8243; padding_bottom=&#8221;40&#8243; css=&#8221;.vc_custom_1410251822843{padding-top: 70px !important;padding-bottom: 70px !important;}&#8221;][vc_column width=&#8221;1\/2&#8243; dp_animation=&#8221;&#8221;][\/vc_column][vc_column width=&#8221;1\/2&#8243; <p><a class=\"dp-readon\" href=\"https:\/\/www.izmirkesicitakim.com\/index.php\/iletisim\/\"><span>Detayl\u0131 Bilgi<\/span><\/a><\/p><\/p>\n","protected":false},"author":1,"featured_media":0,"parent":0,"menu_order":6,"comment_status":"open","ping_status":"open","template":"template.fullwidth.vc.php","meta":[],"_links":{"self":[{"href":"https:\/\/www.izmirkesicitakim.com\/index.php\/wp-json\/wp\/v2\/pages\/6848"}],"collection":[{"href":"https:\/\/www.izmirkesicitakim.com\/index.php\/wp-json\/wp\/v2\/pages"}],"about":[{"href":"https:\/\/www.izmirkesicitakim.com\/index.php\/wp-json\/wp\/v2\/types\/page"}],"author":[{"embeddable":true,"href":"https:\/\/www.izmirkesicitakim.com\/index.php\/wp-json\/wp\/v2\/users\/1"}],"replies":[{"embeddable":true,"href":"https:\/\/www.izmirkesicitakim.com\/index.php\/wp-json\/wp\/v2\/comments?post=6848"}],"version-history":[{"count":12,"href":"https:\/\/www.izmirkesicitakim.com\/index.php\/wp-json\/wp\/v2\/pages\/6848\/revisions"}],"predecessor-version":[{"id":9216,"href":"https:\/\/www.izmirkesicitakim.com\/index.php\/wp-json\/wp\/v2\/pages\/6848\/revisions\/9216"}],"wp:attachment":[{"href":"https:\/\/www.izmirkesicitakim.com\/index.php\/wp-json\/wp\/v2\/media?parent=6848"}],"curies":[{"name":"wp","href":"https:\/\/api.w.org\/{rel}","templated":true}]}}