{"id":6791,"date":"2014-04-13T06:22:30","date_gmt":"2014-04-13T06:22:30","guid":{"rendered":"http:\/\/www.dynamicpress.kei.pl\/evolve_install\/?page_id=6791"},"modified":"2016-07-19T16:21:42","modified_gmt":"2016-07-19T13:21:42","slug":"hakkimizda","status":"publish","type":"page","link":"https:\/\/www.izmirkesicitakim.com\/index.php\/pages\/hakkimizda\/","title":{"rendered":"Hakk\u0131m\u0131zda"},"content":{"rendered":"<p>[vc_row type=&#8221;grid&#8221; video_bg=&#8221;&#8221; row_type=&#8221;section&#8221; bg_image_repeat=&#8221;repeat&#8221; padding_top=&#8221;60&#8243; padding_bottom=&#8221;30&#8243; el_class=&#8221;bordered-bottom-grey&#8221; css=&#8221;.vc_custom_1410203507543{padding-top: 60px !important;padding-bottom: 30px !important;}&#8221;][vc_column width=&#8221;1\/2&#8243; dp_animation=&#8221;fadeInDown&#8221;]<div class=\"headline heading-line \"><h3>Hakk\u0131m\u0131zda<\/h3><\/div>[vc_column_text dp_animation=&#8221;&#8221;]<strong>Lorem Ipsum<\/strong>, dizgi ve bask\u0131 end\u00fcstrisinde kullan\u0131lan m\u0131g\u0131r metinlerdir. Lorem Ipsum, ad\u0131 bilinmeyen bir matbaac\u0131n\u0131n bir hurufat numune kitab\u0131 olu\u015fturmak \u00fczere bir yaz\u0131 galerisini alarak kar\u0131\u015ft\u0131rd\u0131\u011f\u0131 1500&#8217;lerden beri end\u00fcstri standard\u0131 sahte metinler olarak kullan\u0131lm\u0131\u015ft\u0131r. Be\u015fy\u00fcz y\u0131l boyunca varl\u0131\u011f\u0131n\u0131 s\u00fcrd\u00fcrmekle kalmam\u0131\u015f, ayn\u0131 zamanda pek de\u011fi\u015fmeden elektronik dizgiye de s\u0131\u00e7ram\u0131\u015ft\u0131r. 1960&#8217;larda Lorem Ipsum pasajlar\u0131 da i\u00e7eren Letraset yapraklar\u0131n\u0131n yay\u0131nlanmas\u0131 ile ve yak\u0131n zamanda Aldus PageMaker gibi Lorem Ipsum s\u00fcr\u00fcmleri i\u00e7eren masa\u00fcst\u00fc yay\u0131nc\u0131l\u0131k yaz\u0131l\u0131mlar\u0131 ile pop\u00fcler olmu\u015ftur.[\/vc_column_text][\/vc_column][vc_column width=&#8221;1\/2&#8243; dp_animation=&#8221;fadeInDown&#8221;][vc_gallery interval=&#8221;3&#8243; images=&#8221;9211&#8243; img_size=&#8221;350&#215;97&#8243; onclick=&#8221;&#8221;][\/vc_column][\/vc_row][vc_row type=&#8221;grid&#8221; video_bg=&#8221;&#8221;][vc_column dp_animation=&#8221;&#8221;][vc_column_text dp_animation=&#8221;fadeInLeft&#8221;]<\/p>\n<h3 style=\"text-align: center;\"><\/h3>\n<h3 style=\"text-align: center;\">MARKALAR<\/h3>\n<p>&nbsp;<\/p>\n<p>[\/vc_column_text][vc_images_carousel images=&#8221;9119,9120,9123,9122,9121,9125&#8243; img_size=&#8221;full&#8221; onclick=&#8221;link_no&#8221; speed=&#8221;0&#8243; slides_per_view=&#8221;6&#8243; hide_pagination_control=&#8221;yes&#8221; hide_prev_next_buttons=&#8221;yes&#8221;][\/vc_column][\/vc_row][vc_row type=&#8221;grid&#8221; video_bg=&#8221;&#8221;][vc_column dp_animation=&#8221;&#8221;][\/vc_column][\/vc_row][vc_row type=&#8221;grid&#8221; video_bg=&#8221;&#8221;][vc_column dp_animation=&#8221;&#8221;][vc_column_text dp_animation=&#8221;&#8221;]<\/p>\n<p>&nbsp;<\/p>\n<p>[\/vc_column_text][\/vc_column][\/vc_row]<\/p>\n","protected":false},"excerpt":{"rendered":"<p>[vc_row type=&#8221;grid&#8221; video_bg=&#8221;&#8221; row_type=&#8221;section&#8221; bg_image_repeat=&#8221;repeat&#8221; padding_top=&#8221;60&#8243; padding_bottom=&#8221;30&#8243; el_class=&#8221;bordered-bottom-grey&#8221; css=&#8221;.vc_custom_1410203507543{padding-top: 60px !important;padding-bottom: 30px !important;}&#8221;][vc_column width=&#8221;1\/2&#8243; dp_animation=&#8221;fadeInDown&#8221;][vc_column_text dp_animation=&#8221;&#8221;]Lorem Ipsum, dizgi ve bask\u0131 <p><a class=\"dp-readon\" href=\"https:\/\/www.izmirkesicitakim.com\/index.php\/pages\/hakkimizda\/\"><span>Detayl\u0131 Bilgi<\/span><\/a><\/p><\/p>\n","protected":false},"author":1,"featured_media":0,"parent":6789,"menu_order":0,"comment_status":"open","ping_status":"open","template":"template.fullwidth.vc.php","meta":[],"_links":{"self":[{"href":"https:\/\/www.izmirkesicitakim.com\/index.php\/wp-json\/wp\/v2\/pages\/6791"}],"collection":[{"href":"https:\/\/www.izmirkesicitakim.com\/index.php\/wp-json\/wp\/v2\/pages"}],"about":[{"href":"https:\/\/www.izmirkesicitakim.com\/index.php\/wp-json\/wp\/v2\/types\/page"}],"author":[{"embeddable":true,"href":"https:\/\/www.izmirkesicitakim.com\/index.php\/wp-json\/wp\/v2\/users\/1"}],"replies":[{"embeddable":true,"href":"https:\/\/www.izmirkesicitakim.com\/index.php\/wp-json\/wp\/v2\/comments?post=6791"}],"version-history":[{"count":35,"href":"https:\/\/www.izmirkesicitakim.com\/index.php\/wp-json\/wp\/v2\/pages\/6791\/revisions"}],"predecessor-version":[{"id":9214,"href":"https:\/\/www.izmirkesicitakim.com\/index.php\/wp-json\/wp\/v2\/pages\/6791\/revisions\/9214"}],"up":[{"embeddable":true,"href":"https:\/\/www.izmirkesicitakim.com\/index.php\/wp-json\/wp\/v2\/pages\/6789"}],"wp:attachment":[{"href":"https:\/\/www.izmirkesicitakim.com\/index.php\/wp-json\/wp\/v2\/media?parent=6791"}],"curies":[{"name":"wp","href":"https:\/\/api.w.org\/{rel}","templated":true}]}}