{"id":6780,"date":"2014-04-13T05:53:08","date_gmt":"2014-04-13T05:53:08","guid":{"rendered":"http:\/\/www.dynamicpress.kei.pl\/evolve_install\/?page_id=6780"},"modified":"2016-07-06T18:26:51","modified_gmt":"2016-07-06T15:26:51","slug":"ana-sayfa","status":"publish","type":"page","link":"https:\/\/www.izmirkesicitakim.com\/","title":{"rendered":"Ana Sayfa"},"content":{"rendered":"<p>[vc_row type=&#8221;full_width&#8221; video_bg=&#8221;html5videobg&#8221; video_webm=&#8221;http:\/\/www.dynamicpress.eu\/envato\/evolve\/wp-content\/uploads\/2014\/04\/office.webm&#8221; video_mp4=&#8221;http:\/\/www.dynamicpress.eu\/envato\/evolve\/wp-content\/uploads\/2014\/04\/office.mp4&#8243; video_ogv=&#8221;http:\/\/www.dynamicpress.eu\/envato\/evolve\/wp-content\/uploads\/2014\/04\/office.ogv&#8221; mute=&#8221;muted&#8221; row_type=&#8221;section&#8221; bg_image_repeat=&#8221;repeat&#8221; padding_bottom=&#8221;0&#8243;][vc_column dp_animation=&#8221;&#8221;][rev_slider_vc alias=&#8221;slayt-ana&#8221;][\/vc_column][\/vc_row][vc_row type=&#8221;full_width&#8221; video_bg=&#8221;&#8221; row_type=&#8221;section&#8221; bg_image_repeat=&#8221;repeat&#8221; padding_top=&#8221;20&#8243; padding_bottom=&#8221;30&#8243; css=&#8221;.vc_custom_1410195563058{padding-top: 20px !important;padding-bottom: 35px !important;background-color: #f2f4f6 !important;}&#8221;][vc_column dp_animation=&#8221;&#8221;]<div style=\"height:10pxpx; width:100%;clear:both\"><\/div>[vc_column_text dp_animation=&#8221;&#8221;]<\/p>\n<h1 style=\"text-align: center;\">\u00dcR\u00dcNLER\u0130M\u0130Z<\/h1>\n<p>[\/vc_column_text][\/vc_column][\/vc_row][vc_row type=&#8221;grid&#8221; video_bg=&#8221;&#8221; row_type=&#8221;section&#8221; bg_image_repeat=&#8221;repeat&#8221; padding_top=&#8221;50&#8243; padding_bottom=&#8221;10&#8243; css=&#8221;.vc_custom_1410195760746{margin-bottom: 40px !important;padding-top: 50px !important;padding-bottom: 10px !important;}&#8221;][vc_column width=&#8221;1\/6&#8243; dp_animation=&#8221;&#8221;][vc_single_image image=&#8221;9100&#8243; add_caption=&#8221;yes&#8221; alignment=&#8221;center&#8221; style=&#8221;vc_box_shadow_3d&#8221; dp_animation=&#8221;&#8221;][vc_btn title=&#8221;CNC Router U\u00e7lar\u0131&#8221; align=&#8221;center&#8221; css_animation=&#8221;right-to-left&#8221; link=&#8221;url:http%3A%2F%2Fizmirkesicitakim.com%2Findex.php%2Fcnc-router-uclari%2F||&#8221;][\/vc_column][vc_column width=&#8221;1\/6&#8243; dp_animation=&#8221;&#8221;][vc_single_image image=&#8221;7997&#8243; add_caption=&#8221;yes&#8221; alignment=&#8221;center&#8221; style=&#8221;vc_box_shadow_3d&#8221; dp_animation=&#8221;&#8221;][vc_btn title=&#8221;Frezeleme&#8221; align=&#8221;center&#8221; css_animation=&#8221;right-to-left&#8221; link=&#8221;url:http%3A%2F%2Fizmirkesicitakim.com%2Findex.php%2Fkarbur-parmak-frezeler%2F||&#8221;][\/vc_column][vc_column width=&#8221;1\/6&#8243; dp_animation=&#8221;&#8221;][vc_single_image image=&#8221;8847&#8243; add_caption=&#8221;yes&#8221; alignment=&#8221;center&#8221; style=&#8221;vc_box_shadow_3d&#8221; onclick=&#8221;custom_link&#8221; dp_animation=&#8221;&#8221;][vc_btn title=&#8221;Delik Delme &#8221; align=&#8221;center&#8221; css_animation=&#8221;left-to-right&#8221; link=&#8221;url:http%3A%2F%2Fizmirkesicitakim.com%2Findex.php%2Fkarbur-matkap%2F||&#8221;][\/vc_column][vc_column width=&#8221;1\/6&#8243; dp_animation=&#8221;&#8221;][vc_single_image image=&#8221;8925&#8243; add_caption=&#8221;yes&#8221; alignment=&#8221;center&#8221; style=&#8221;vc_box_shadow_3d&#8221; onclick=&#8221;custom_link&#8221; dp_animation=&#8221;&#8221;][vc_btn title=&#8221;Hassas Tutucu Tak.&#8221; align=&#8221;center&#8221; css_animation=&#8221;left-to-right&#8221; link=&#8221;url:http%3A%2F%2Fizmirkesicitakim.com%2Findex.php%2Fhassas-tutucu-takimlar%2F||&#8221;][\/vc_column][vc_column width=&#8221;1\/6&#8243; dp_animation=&#8221;&#8221;][vc_single_image image=&#8221;8948&#8243; add_caption=&#8221;yes&#8221; alignment=&#8221;center&#8221; style=&#8221;vc_box_shadow_3d&#8221; onclick=&#8221;custom_link&#8221; dp_animation=&#8221;&#8221;][vc_btn title=&#8221;CNC Torna Apa.&#8221; align=&#8221;center&#8221; css_animation=&#8221;left-to-right&#8221; link=&#8221;url:http%3A%2F%2Fizmirkesicitakim.com%2Findex.php%2Fcnc-torna-aparatlari%2F||&#8221;][\/vc_column][vc_column width=&#8221;1\/6&#8243; dp_animation=&#8221;&#8221;][vc_single_image image=&#8221;8932&#8243; add_caption=&#8221;yes&#8221; alignment=&#8221;center&#8221; style=&#8221;vc_box_shadow_3d&#8221; onclick=&#8221;custom_link&#8221; dp_animation=&#8221;&#8221;][vc_btn title=&#8221;Bileme Makinalar\u0131&#8221; align=&#8221;center&#8221; css_animation=&#8221;left-to-right&#8221; link=&#8221;url:http%3A%2F%2Fizmirkesicitakim.com%2Findex.php%2Fbileme-makinalari%2F||&#8221;][\/vc_column][\/vc_row][vc_row type=&#8221;full_width&#8221; video_bg=&#8221;&#8221; row_type=&#8221;section&#8221; bg_image_repeat=&#8221;repeat&#8221; padding_top=&#8221;20&#8243; padding_bottom=&#8221;30&#8243; css=&#8221;.vc_custom_1410195563058{padding-top: 20px !important;padding-bottom: 35px !important;background-color: #f2f4f6 !important;}&#8221;][vc_column dp_animation=&#8221;&#8221;]<div style=\"height:10pxpx; width:100%;clear:both\"><\/div>[vc_column_text dp_animation=&#8221;&#8221;]<\/p>\n<h1 style=\"text-align: center;\">FAAL\u0130YET ALANLARIMIZ<\/h1>\n<p>[\/vc_column_text][\/vc_column][\/vc_row][vc_row type=&#8221;grid&#8221; video_bg=&#8221;&#8221; row_type=&#8221;section&#8221; bg_image_repeat=&#8221;repeat&#8221; padding_top=&#8221;50&#8243; padding_bottom=&#8221;10&#8243; css=&#8221;.vc_custom_1410195760746{margin-bottom: 40px !important;padding-top: 50px !important;padding-bottom: 10px !important;}&#8221;][vc_column width=&#8221;1\/4&#8243; dp_animation=&#8221;&#8221;][vc_single_image image=&#8221;8378&#8243; img_size=&#8221;large&#8221; add_caption=&#8221;yes&#8221; alignment=&#8221;center&#8221; style=&#8221;vc_box_shadow_3d&#8221; dp_animation=&#8221;&#8221; title=&#8221;Otomotiv&#8221;][\/vc_column][vc_column width=&#8221;1\/4&#8243; dp_animation=&#8221;&#8221;][vc_single_image image=&#8221;8375&#8243; img_size=&#8221;large&#8221; add_caption=&#8221;yes&#8221; alignment=&#8221;center&#8221; style=&#8221;vc_box_shadow_3d&#8221; dp_animation=&#8221;&#8221; title=&#8221;Havac\u0131l\u0131k&#8221;][\/vc_column][vc_column width=&#8221;1\/4&#8243; dp_animation=&#8221;&#8221;][vc_single_image image=&#8221;8380&#8243; img_size=&#8221;large&#8221; add_caption=&#8221;yes&#8221; alignment=&#8221;center&#8221; style=&#8221;vc_box_shadow_3d&#8221; dp_animation=&#8221;&#8221; title=&#8221;Enerji&#8221;][\/vc_column][vc_column width=&#8221;1\/4&#8243; dp_animation=&#8221;&#8221;][vc_single_image image=&#8221;8371&#8243; img_size=&#8221;large&#8221; add_caption=&#8221;yes&#8221; alignment=&#8221;center&#8221; style=&#8221;vc_box_shadow_3d&#8221; dp_animation=&#8221;&#8221; title=&#8221;Kal\u0131p&#8221;][\/vc_column][\/vc_row][vc_row type=&#8221;grid&#8221; video_bg=&#8221;&#8221; row_type=&#8221;section&#8221; bg_image_repeat=&#8221;repeat&#8221; padding_top=&#8221;50&#8243; padding_bottom=&#8221;10&#8243; css=&#8221;.vc_custom_1410195760746{margin-bottom: 40px !important;padding-top: 50px !important;padding-bottom: 10px !important;}&#8221;][vc_column width=&#8221;1\/4&#8243; dp_animation=&#8221;&#8221;][vc_single_image image=&#8221;8372&#8243; img_size=&#8221;large&#8221; add_caption=&#8221;yes&#8221; alignment=&#8221;center&#8221; style=&#8221;vc_box_shadow_3d&#8221; dp_animation=&#8221;&#8221; title=&#8221;Medikal&#8221;][\/vc_column][vc_column width=&#8221;1\/4&#8243; dp_animation=&#8221;&#8221;][vc_single_image image=&#8221;8382&#8243; img_size=&#8221;large&#8221; add_caption=&#8221;yes&#8221; alignment=&#8221;center&#8221; style=&#8221;vc_box_shadow_3d&#8221; dp_animation=&#8221;&#8221; title=&#8221;Petrol &amp; Gaz&#8221;][\/vc_column][vc_column width=&#8221;1\/4&#8243; dp_animation=&#8221;&#8221;][vc_single_image image=&#8221;8383&#8243; img_size=&#8221;large&#8221; add_caption=&#8221;yes&#8221; alignment=&#8221;center&#8221; style=&#8221;vc_box_shadow_3d&#8221; dp_animation=&#8221;&#8221; title=&#8221;R\u00fczgar G\u00fcc\u00fc&#8221;][\/vc_column][vc_column width=&#8221;1\/4&#8243; dp_animation=&#8221;&#8221;][vc_single_image image=&#8221;8373&#8243; img_size=&#8221;large&#8221; add_caption=&#8221;yes&#8221; alignment=&#8221;center&#8221; style=&#8221;vc_box_shadow_3d&#8221; dp_animation=&#8221;&#8221; title=&#8221;Yedek Par\u00e7a&#8221;][\/vc_column][\/vc_row][vc_row type=&#8221;full_width&#8221; video_bg=&#8221;&#8221; row_type=&#8221;section&#8221; bg_image_repeat=&#8221;repeat&#8221; padding_top=&#8221;20&#8243; padding_bottom=&#8221;30&#8243; css=&#8221;.vc_custom_1410195563058{padding-top: 20px !important;padding-bottom: 35px !important;background-color: #f2f4f6 !important;}&#8221;][vc_column dp_animation=&#8221;&#8221;]<div style=\"height:10pxpx; width:100%;clear:both\"><\/div>[vc_column_text dp_animation=&#8221;&#8221;]<\/p>\n<h1 style=\"text-align: center;\">MARKALAR<\/h1>\n<p>[\/vc_column_text][\/vc_column][\/vc_row][vc_row type=&#8221;grid&#8221; parallax_bg=&#8221;true&#8221; video_bg=&#8221;&#8221; row_type=&#8221;section&#8221; bg_image_repeat=&#8221;cover&#8221; font_color=&#8221;#ffffff&#8221; padding_top=&#8221;110&#8243; margin_top=&#8221;0&#8243; padding_bottom=&#8221;40&#8243; css=&#8221;.vc_custom_1410196886516{padding-top: 50px !important;padding-bottom: 10px !important;background-image: url(<\/p>\n<p>http:\/\/dynamicpress.pl\/evolve_20_install\/wp-content\/uploads\/2014\/01\/parallex1.jpg?id=6405) !important;}&#8221;][vc_column dp_animation=&#8221;&#8221;][vc_images_carousel images=&#8221;9119,9120,9123,9122,9121,9125&#8243; img_size=&#8221;full&#8221; onclick=&#8221;link_no&#8221; speed=&#8221;0&#8243; slides_per_view=&#8221;6&#8243; hide_pagination_control=&#8221;yes&#8221; hide_prev_next_buttons=&#8221;yes&#8221;][\/vc_column][\/vc_row][vc_row type=&#8221;grid&#8221; video_bg=&#8221;&#8221;][vc_column dp_animation=&#8221;&#8221;]<div style=\"height:30px; width:100%;clear:both\"><\/div>[\/vc_column][\/vc_row]<\/p>\n","protected":false},"excerpt":{"rendered":"<p>[vc_row type=&#8221;full_width&#8221; video_bg=&#8221;html5videobg&#8221; video_webm=&#8221;http:\/\/www.dynamicpress.eu\/envato\/evolve\/wp-content\/uploads\/2014\/04\/office.webm&#8221; video_mp4=&#8221;http:\/\/www.dynamicpress.eu\/envato\/evolve\/wp-content\/uploads\/2014\/04\/office.mp4&#8243; video_ogv=&#8221;http:\/\/www.dynamicpress.eu\/envato\/evolve\/wp-content\/uploads\/2014\/04\/office.ogv&#8221; mute=&#8221;muted&#8221; row_type=&#8221;section&#8221; bg_image_repeat=&#8221;repeat&#8221; padding_bottom=&#8221;0&#8243;][vc_column dp_animation=&#8221;&#8221;][rev_slider_vc alias=&#8221;slayt-ana&#8221;][\/vc_column][\/vc_row][vc_row type=&#8221;full_width&#8221; video_bg=&#8221;&#8221; row_type=&#8221;section&#8221; bg_image_repeat=&#8221;repeat&#8221; padding_top=&#8221;20&#8243; padding_bottom=&#8221;30&#8243; css=&#8221;.vc_custom_1410195563058{padding-top: 20px <p><a class=\"dp-readon\" href=\"https:\/\/www.izmirkesicitakim.com\/\"><span>Detayl\u0131 Bilgi<\/span><\/a><\/p><\/p>\n","protected":false},"author":1,"featured_media":0,"parent":0,"menu_order":0,"comment_status":"open","ping_status":"open","template":"template.fullwidth.vc.php","meta":[],"_links":{"self":[{"href":"https:\/\/www.izmirkesicitakim.com\/index.php\/wp-json\/wp\/v2\/pages\/6780"}],"collection":[{"href":"https:\/\/www.izmirkesicitakim.com\/index.php\/wp-json\/wp\/v2\/pages"}],"about":[{"href":"https:\/\/www.izmirkesicitakim.com\/index.php\/wp-json\/wp\/v2\/types\/page"}],"author":[{"embeddable":true,"href":"https:\/\/www.izmirkesicitakim.com\/index.php\/wp-json\/wp\/v2\/users\/1"}],"replies":[{"embeddable":true,"href":"https:\/\/www.izmirkesicitakim.com\/index.php\/wp-json\/wp\/v2\/comments?post=6780"}],"version-history":[{"count":75,"href":"https:\/\/www.izmirkesicitakim.com\/index.php\/wp-json\/wp\/v2\/pages\/6780\/revisions"}],"predecessor-version":[{"id":9144,"href":"https:\/\/www.izmirkesicitakim.com\/index.php\/wp-json\/wp\/v2\/pages\/6780\/revisions\/9144"}],"wp:attachment":[{"href":"https:\/\/www.izmirkesicitakim.com\/index.php\/wp-json\/wp\/v2\/media?parent=6780"}],"curies":[{"name":"wp","href":"https:\/\/api.w.org\/{rel}","templated":true}]}}